{"id":2386,"date":"2025-06-02T07:54:18","date_gmt":"2025-06-02T05:54:18","guid":{"rendered":"https:\/\/homesecureprotect.com\/?post_type=product&#038;p=2386"},"modified":"2025-12-21T19:13:05","modified_gmt":"2025-12-21T17:13:05","slug":"routeur-wifi-solaire-4g","status":"publish","type":"product","link":"https:\/\/homesecureprotect.com\/it\/product\/routeur-wifi-solaire-4g\/","title":{"rendered":"Routeur HSP-RWS4G-1"},"content":{"rendered":"<h3 data-start=\"105\" data-end=\"191\"><strong data-start=\"109\" data-end=\"191\">Routeur Solaire WIFI 4G Autonome \u2013 Connectivit\u00e9 Sans Limite, O\u00f9 Que Vous Soyez<\/strong><\/h3>\n<h4 data-start=\"193\" data-end=\"234\">\u2705 <strong data-start=\"200\" data-end=\"234\">Caract\u00e9ristiques principales :<\/strong><\/h4>\n<ol data-start=\"236\" data-end=\"1367\">\n<li data-start=\"236\" data-end=\"681\">\n<p data-start=\"239\" data-end=\"681\"><strong data-start=\"239\" data-end=\"303\">Connectivit\u00e9 autonome sans r\u00e9seau ni alimentation \u00e9lectrique<\/strong><br data-start=\"303\" data-end=\"306\" \/>Id\u00e9al pour les zones isol\u00e9es ou les utilisations en ext\u00e9rieur. Il vous suffit d\u2019ins\u00e9rer une carte SIM 4G (op\u00e9rateur local) pour g\u00e9n\u00e9rer instantan\u00e9ment un signal Wi-Fi stable, comme un routeur sans fil classique. Tous vos appareils (smartphones, tablettes, ordinateurs&#8230;) peuvent se connecter au r\u00e9seau Wi-Fi et acc\u00e9der \u00e0 Internet, m\u00eame sans \u00e9lectricit\u00e9 ni infrastructure.<\/p>\n<\/li>\n<li data-start=\"683\" data-end=\"1056\">\n<p data-start=\"686\" data-end=\"1056\"><strong data-start=\"686\" data-end=\"750\">Port RJ45 int\u00e9gr\u00e9 \u2013 Compatible avec tous types de cam\u00e9ras IP<\/strong><br data-start=\"750\" data-end=\"753\" \/>Gr\u00e2ce \u00e0 son port Ethernet (RJ45), ce routeur 4G peut \u00eatre connect\u00e9 \u00e0 des cam\u00e9ras IP filaires, POE, ou sans fil, permettant une surveillance \u00e0 distance s\u00e9curis\u00e9e. Il peut \u00e9galement servir de <strong data-start=\"946\" data-end=\"973\">routeur Wi-Fi ext\u00e9rieur<\/strong>, <strong data-start=\"975\" data-end=\"993\">r\u00e9p\u00e9teur Wi-Fi<\/strong>, <strong data-start=\"995\" data-end=\"1018\">extension de r\u00e9seau<\/strong> ou <strong data-start=\"1022\" data-end=\"1036\">pont Wi-Fi<\/strong>, selon vos besoins.<\/p>\n<\/li>\n<li data-start=\"1058\" data-end=\"1367\">\n<p data-start=\"1061\" data-end=\"1367\"><strong data-start=\"1061\" data-end=\"1131\">Autonomie \u00e9nerg\u00e9tique et protection contre les coupures de courant<\/strong><br data-start=\"1131\" data-end=\"1134\" \/>Fonctionnement 100% autonome gr\u00e2ce \u00e0 un <strong data-start=\"1177\" data-end=\"1214\">panneau solaire haute performance<\/strong> de 15W et une batterie int\u00e9gr\u00e9e <strong data-start=\"1247\" data-end=\"1293\">rechargeable 20800mAh (8&#215;18650 de 2600mAh)<\/strong>. Il continue \u00e0 alimenter vos \u00e9quipements m\u00eame en cas de panne \u00e9lectrique.<\/p>\n<\/li>\n<\/ol>\n<h3 data-start=\"1374\" data-end=\"1409\"><strong data-start=\"1378\" data-end=\"1409\">Sp\u00e9cifications techniques :<\/strong><\/h3>\n<ul data-start=\"1411\" data-end=\"2120\">\n<li data-start=\"1411\" data-end=\"1601\">\n<p data-start=\"1413\" data-end=\"1457\"><strong data-start=\"1413\" data-end=\"1453\">Technologies r\u00e9seau prises en charge<\/strong> :<\/p>\n<ul data-start=\"1460\" data-end=\"1601\">\n<li data-start=\"1460\" data-end=\"1506\">\n<p data-start=\"1462\" data-end=\"1506\">LTE : B1 \/ B3 \/ B8 \/ B38 \/ B39 \/ B40 \/ B41<\/p>\n<\/li>\n<li data-start=\"1509\" data-end=\"1535\">\n<p data-start=\"1511\" data-end=\"1535\">WCDMA : 2100 \/ 900 MHz<\/p>\n<\/li>\n<li data-start=\"1538\" data-end=\"1562\">\n<p data-start=\"1540\" data-end=\"1562\">TD-SCDMA : B34 \/ B39<\/p>\n<\/li>\n<li data-start=\"1565\" data-end=\"1601\">\n<p data-start=\"1567\" data-end=\"1601\">GSM \/ GPRS \/ EDGE : 900 \/ 1800 MHz<\/p>\n<\/li>\n<\/ul>\n<\/li>\n<li data-start=\"1603\" data-end=\"1839\">\n<p data-start=\"1605\" data-end=\"1626\"><strong data-start=\"1605\" data-end=\"1622\">D\u00e9bit maximal<\/strong> :<\/p>\n<ul data-start=\"1629\" data-end=\"1839\">\n<li data-start=\"1629\" data-end=\"1710\">\n<p data-start=\"1631\" data-end=\"1710\">4G LTE (FDD-LTE \/ TDD-LTE) : jusqu\u2019\u00e0 150 Mbps (descendant), 50 Mbps (montant)<\/p>\n<\/li>\n<li data-start=\"1713\" data-end=\"1774\">\n<p data-start=\"1715\" data-end=\"1774\">HSPA+ : jusqu\u2019\u00e0 21 Mbps (descendant), 5.76 Mbps (montant)<\/p>\n<\/li>\n<li data-start=\"1777\" data-end=\"1839\">\n<p data-start=\"1779\" data-end=\"1839\">TD-SCDMA : jusqu\u2019\u00e0 2.8 Mbps (descendant), 2.2 Mbps (montant)<\/p>\n<\/li>\n<\/ul>\n<\/li>\n<li data-start=\"1841\" data-end=\"1964\">\n<p data-start=\"1843\" data-end=\"1859\"><strong data-start=\"1843\" data-end=\"1855\">Antennes<\/strong> :<\/p>\n<ul data-start=\"1862\" data-end=\"1964\">\n<li data-start=\"1862\" data-end=\"1964\">\n<p data-start=\"1864\" data-end=\"1964\">2 antennes omnidirectionnelles 5dBi (principale et auxiliaire) pour une r\u00e9ception optimale de la 4G.<\/p>\n<\/li>\n<\/ul>\n<\/li>\n<li data-start=\"1966\" data-end=\"2120\">\n<p data-start=\"1968\" data-end=\"1983\"><strong data-start=\"1968\" data-end=\"1979\">\u00c9nergie<\/strong> :<\/p>\n<ul data-start=\"1986\" data-end=\"2120\">\n<li data-start=\"1986\" data-end=\"2061\">\n<p data-start=\"1988\" data-end=\"2061\"><strong data-start=\"1988\" data-end=\"2011\">Panneau solaire 15W<\/strong> avec batterie rechargeable int\u00e9gr\u00e9e (20800mAh).<\/p>\n<\/li>\n<li data-start=\"2064\" data-end=\"2120\">\n<p data-start=\"2066\" data-end=\"2120\">Fonctionne partout o\u00f9 un signal mobile est disponible.<\/p>\n<\/li>\n<\/ul>\n<\/li>\n<\/ul>\n<h3 data-start=\"2127\" data-end=\"2159\"><strong data-start=\"2131\" data-end=\"2157\">Utilisations id\u00e9ales :<\/strong><\/h3>\n<ul data-start=\"2160\" data-end=\"2257\">\n<li data-start=\"2160\" data-end=\"2257\">\n<p data-start=\"2162\" data-end=\"2257\">Sites isol\u00e9s, chantiers, camping, agriculture, surveillance ext\u00e9rieure, zones sans \u00e9lectricit\u00e9.<\/p>\n<\/li>\n<\/ul>\n<p data-start=\"2264\" data-end=\"2379\" data-is-last-node=\"\" data-is-only-node=\"\"><strong data-start=\"2264\" data-end=\"2379\" data-is-last-node=\"\">Offrez-vous une connexion internet fiable, verte et totalement ind\u00e9pendante avec notre routeur solaire WIFI 4G.<\/strong><\/p>","protected":false},"excerpt":{"rendered":"<h3 data-start=\"105\" data-end=\"191\"><strong data-start=\"109\" data-end=\"191\">Routeur Solaire WIFI 4G Autonome \u2013 Connectivit\u00e9 Sans Limite, O\u00f9 Que Vous Soyez<\/strong><\/h3>\n<h4 data-start=\"193\" data-end=\"234\">\u2705 <strong data-start=\"200\" data-end=\"234\">Caract\u00e9ristiques principales :<\/strong><\/h4>\n<ol data-start=\"236\" data-end=\"1367\">\n<li data-start=\"236\" data-end=\"681\">\n<p data-start=\"239\" data-end=\"681\"><strong data-start=\"239\" data-end=\"303\">Connectivit\u00e9 autonome sans r\u00e9seau ni alimentation \u00e9lectrique<\/strong><br data-start=\"303\" data-end=\"306\" \/>Id\u00e9al pour les zones isol\u00e9es ou les utilisations en ext\u00e9rieur. Il vous suffit d\u2019ins\u00e9rer une carte SIM 4G (op\u00e9rateur local) pour g\u00e9n\u00e9rer instantan\u00e9ment un signal Wi-Fi stable, comme un routeur sans fil classique. Tous vos appareils (smartphones, tablettes, ordinateurs&#8230;) peuvent se connecter au r\u00e9seau Wi-Fi et acc\u00e9der \u00e0 Internet, m\u00eame sans \u00e9lectricit\u00e9 ni infrastructure.<\/p>\n<\/li>\n<\/ol>","protected":false},"featured_media":2387,"template":"","meta":{"_mbp_gutenberg_autopost":false},"product_brand":[131],"product_cat":[27],"product_tag":[155,33,156,157],"class_list":{"0":"post-2386","1":"product","2":"type-product","3":"status-publish","4":"has-post-thumbnail","6":"product_brand-home-secure-protect","7":"product_cat-routeur-wifi","8":"product_tag-routeur-wifi","9":"product_tag-solaire","10":"product_tag-vpn","11":"product_tag-wifi","13":"first","14":"instock","15":"featured","16":"shipping-taxable","17":"purchasable","18":"product-type-simple"},"bundled_by":[],"bundle_stock_status":"instock","bundle_stock_quantity":null,"bundle_virtual":false,"bundle_layout":"","bundle_add_to_cart_form_location":"","bundle_editable_in_cart":false,"bundle_sold_individually_context":"","bundle_item_grouping":"","bundle_min_size":"","bundle_max_size":"","bundle_price":[],"bundled_items":[],"bundle_sell_ids":[],"exclude_global_add_ons":[],"addons":[],"_links":{"self":[{"href":"https:\/\/homesecureprotect.com\/it\/wp-json\/wp\/v2\/product\/2386","targetHints":{"allow":["GET"]}}],"collection":[{"href":"https:\/\/homesecureprotect.com\/it\/wp-json\/wp\/v2\/product"}],"about":[{"href":"https:\/\/homesecureprotect.com\/it\/wp-json\/wp\/v2\/types\/product"}],"version-history":[{"count":3,"href":"https:\/\/homesecureprotect.com\/it\/wp-json\/wp\/v2\/product\/2386\/revisions"}],"predecessor-version":[{"id":2831,"href":"https:\/\/homesecureprotect.com\/it\/wp-json\/wp\/v2\/product\/2386\/revisions\/2831"}],"wp:featuredmedia":[{"embeddable":true,"href":"https:\/\/homesecureprotect.com\/it\/wp-json\/wp\/v2\/media\/2387"}],"wp:attachment":[{"href":"https:\/\/homesecureprotect.com\/it\/wp-json\/wp\/v2\/media?parent=2386"}],"wp:term":[{"taxonomy":"product_brand","embeddable":true,"href":"https:\/\/homesecureprotect.com\/it\/wp-json\/wp\/v2\/product_brand?post=2386"},{"taxonomy":"product_cat","embeddable":true,"href":"https:\/\/homesecureprotect.com\/it\/wp-json\/wp\/v2\/product_cat?post=2386"},{"taxonomy":"product_tag","embeddable":true,"href":"https:\/\/homesecureprotect.com\/it\/wp-json\/wp\/v2\/product_tag?post=2386"}],"curies":[{"name":"wp","href":"https:\/\/api.w.org\/{rel}","templated":true}]}}