{"id":2395,"date":"2025-08-04T11:56:37","date_gmt":"2025-08-04T09:56:37","guid":{"rendered":"https:\/\/homesecureprotect.com\/?page_id=2395"},"modified":"2025-08-04T12:26:03","modified_gmt":"2025-08-04T10:26:03","slug":"shipping-policy-refund-return-policy","status":"publish","type":"page","link":"https:\/\/homesecureprotect.com\/it\/shipping-policy-refund-return-policy\/","title":{"rendered":"Shipping Policy &amp; Refund Policy"},"content":{"rendered":"<div data-elementor-type=\"wp-page\" data-elementor-id=\"2395\" class=\"elementor elementor-2395\">\n\t\t\t\t<div data-particle_enable=\"false\" data-particle-mobile-disabled=\"false\" class=\"elementor-element elementor-element-d423513 e-flex e-con-boxed e-con e-parent\" data-id=\"d423513\" data-element_type=\"container\" data-settings=\"{&quot;ekit_has_onepagescroll_dot&quot;:&quot;yes&quot;}\">\n\t\t\t\t\t<div class=\"e-con-inner\">\n\t\t\t\t<div class=\"elementor-element elementor-element-3f38e9c elementor-widget elementor-widget-text-editor\" data-id=\"3f38e9c\" data-element_type=\"widget\" data-settings=\"{&quot;ekit_we_effect_on&quot;:&quot;none&quot;}\" data-widget_type=\"text-editor.default\">\n\t\t\t\t<div class=\"elementor-widget-container\">\n\t\t\t\t\t\t\t\t\t<h3 style=\"text-align: center;\" data-start=\"42\" data-end=\"94\"><strong data-start=\"44\" data-end=\"92\">Politique de Livraison<\/strong><\/h3><p data-start=\"145\" data-end=\"294\">Chez Home Secure Protect, nous mettons tout en \u0153uvre pour livrer vos produits de s\u00e9curit\u00e9 de mani\u00e8re rapide, fiable et s\u00e9curis\u00e9e dans toute l\u2019Europe.<\/p><h2 data-start=\"296\" data-end=\"328\">1. Traitement des Commandes<\/h2><ul data-start=\"329\" data-end=\"514\"><li data-start=\"329\" data-end=\"425\"><p data-start=\"331\" data-end=\"425\">Toutes les commandes sont trait\u00e9es sous <strong data-start=\"371\" data-end=\"393\">1 \u00e0 2 jours ouvr\u00e9s<\/strong> apr\u00e8s validation du paiement.<\/p><\/li><li data-start=\"426\" data-end=\"514\"><p data-start=\"428\" data-end=\"514\">Une fois exp\u00e9di\u00e9e, vous recevrez un e-mail avec le <strong data-start=\"479\" data-end=\"498\">num\u00e9ro de suivi<\/strong> de votre colis.<\/p><\/li><\/ul><h2 data-start=\"516\" data-end=\"542\">2. Zones de Livraison<\/h2><p data-start=\"543\" data-end=\"810\">Nous livrons exclusivement en <strong data-start=\"573\" data-end=\"583\">Europe<\/strong>, notamment dans les pays suivants :<br data-start=\"619\" data-end=\"622\" \/>France, Belgique, Luxembourg, Allemagne, Espagne, Italie, Portugal, Pays-Bas, Suisse, Autriche, Danemark, Su\u00e8de, Norv\u00e8ge, Finlande, Royaume-Uni, et autres pays membres de l\u2019UE et de l\u2019EEE.<\/p><p data-start=\"812\" data-end=\"884\"><strong data-start=\"812\" data-end=\"826\">Remarque :<\/strong> Nous ne livrons pas en dehors de l\u2019Europe pour le moment.<\/p><h2 data-start=\"886\" data-end=\"921\">3. D\u00e9lais de Livraison Estim\u00e9s<\/h2><ul data-start=\"922\" data-end=\"1078\"><li data-start=\"922\" data-end=\"957\"><p data-start=\"924\" data-end=\"957\"><strong data-start=\"924\" data-end=\"936\">France :<\/strong> 2 \u00e0 3 jours ouvr\u00e9s<\/p><\/li><li data-start=\"958\" data-end=\"1003\"><p data-start=\"960\" data-end=\"1003\"><strong data-start=\"960\" data-end=\"982\">Union Europ\u00e9enne :<\/strong> 3 \u00e0 5 jours ouvr\u00e9s<\/p><\/li><li data-start=\"1004\" data-end=\"1078\"><p data-start=\"1006\" data-end=\"1078\"><strong data-start=\"1006\" data-end=\"1057\">Pays europ\u00e9ens hors UE (ex : Suisse, Norv\u00e8ge) :<\/strong> 5 \u00e0 7 jours ouvr\u00e9s<\/p><\/li><\/ul><p data-start=\"1080\" data-end=\"1183\">Les d\u00e9lais peuvent varier en fonction du transporteur, des douanes ou de circonstances exceptionnelles.<\/p><h2 data-start=\"1185\" data-end=\"1211\">4. Frais de Livraison<\/h2><ul data-start=\"1212\" data-end=\"1428\"><li data-start=\"1212\" data-end=\"1319\"><p data-start=\"1214\" data-end=\"1319\">Les frais de livraison sont calcul\u00e9s lors du paiement, selon le poids et la destination de la commande.<\/p><\/li><li data-start=\"1320\" data-end=\"1428\"><p data-start=\"1322\" data-end=\"1428\">La <strong data-start=\"1325\" data-end=\"1360\">livraison standard est gratuite<\/strong> pour toute commande sup\u00e9rieure \u00e0 <strong data-start=\"1394\" data-end=\"1403\">150 \u20ac<\/strong> dans l\u2019Union Europ\u00e9enne.<\/p><\/li><\/ul><h2 data-start=\"1430\" data-end=\"1455\">5. Suivi de Commande<\/h2><p data-start=\"1456\" data-end=\"1605\">Un <strong data-start=\"1459\" data-end=\"1478\">num\u00e9ro de suivi<\/strong> vous sera envoy\u00e9 d\u00e8s l\u2019exp\u00e9dition de votre colis. Vous pourrez suivre votre livraison via notre site ou celui du transporteur.<\/p><h2 data-start=\"1607\" data-end=\"1640\">6. Droits de Douane et Taxes<\/h2><ul data-start=\"1641\" data-end=\"1857\"><li data-start=\"1641\" data-end=\"1726\"><p data-start=\"1643\" data-end=\"1726\">Les commandes exp\u00e9di\u00e9es dans l\u2019<strong data-start=\"1674\" data-end=\"1680\">UE<\/strong> ne sont pas soumises \u00e0 des frais de douane.<\/p><\/li><li data-start=\"1727\" data-end=\"1857\"><p data-start=\"1729\" data-end=\"1857\">Pour les <strong data-start=\"1738\" data-end=\"1764\">pays europ\u00e9ens hors UE<\/strong>, des frais ou taxes peuvent \u00eatre appliqu\u00e9s par les autorit\u00e9s locales, \u00e0 la charge du client.<\/p><\/li><\/ul><h2 data-start=\"1859\" data-end=\"1891\">7. Colis Endommag\u00e9 ou Perdu<\/h2><p data-start=\"1892\" data-end=\"2105\">Si votre colis est endommag\u00e9 ou perdu, contactez-nous dans un d\u00e9lai de <strong data-start=\"1963\" data-end=\"1974\">7 jours<\/strong> avec votre num\u00e9ro de commande et, si possible, des photos. Nous prendrons les mesures n\u00e9cessaires (remplacement ou remboursement).<\/p><h2 data-start=\"2107\" data-end=\"2119\">Contact<\/h2><p data-start=\"2120\" data-end=\"2212\">\ud83d\udce7 Email : <a class=\"cursor-pointer\" rel=\"noopener\" data-start=\"2131\" data-end=\"2160\">support@homesecureprotect.com<\/a><\/p>\t\t\t\t\t\t\t\t<\/div>\n\t\t\t\t<\/div>\n\t\t\t\t\t<\/div>\n\t\t\t\t<\/div>\n\t\t\t\t<\/div>","protected":false},"excerpt":{"rendered":"<p>Politique de Livraison Chez Home Secure Protect, nous mettons tout en \u0153uvre pour livrer vos produits de s\u00e9curit\u00e9 de mani\u00e8re rapide, fiable et s\u00e9curis\u00e9e dans toute<span class=\"excerpt-hellip\"> [\u2026]<\/span><\/p>","protected":false},"author":1,"featured_media":0,"parent":0,"menu_order":0,"comment_status":"closed","ping_status":"closed","template":"","meta":{"_mbp_gutenberg_autopost":false,"footnotes":""},"class_list":["post-2395","page","type-page","status-publish","hentry"],"_links":{"self":[{"href":"https:\/\/homesecureprotect.com\/it\/wp-json\/wp\/v2\/pages\/2395","targetHints":{"allow":["GET"]}}],"collection":[{"href":"https:\/\/homesecureprotect.com\/it\/wp-json\/wp\/v2\/pages"}],"about":[{"href":"https:\/\/homesecureprotect.com\/it\/wp-json\/wp\/v2\/types\/page"}],"author":[{"embeddable":true,"href":"https:\/\/homesecureprotect.com\/it\/wp-json\/wp\/v2\/users\/1"}],"replies":[{"embeddable":true,"href":"https:\/\/homesecureprotect.com\/it\/wp-json\/wp\/v2\/comments?post=2395"}],"version-history":[{"count":20,"href":"https:\/\/homesecureprotect.com\/it\/wp-json\/wp\/v2\/pages\/2395\/revisions"}],"predecessor-version":[{"id":2427,"href":"https:\/\/homesecureprotect.com\/it\/wp-json\/wp\/v2\/pages\/2395\/revisions\/2427"}],"wp:attachment":[{"href":"https:\/\/homesecureprotect.com\/it\/wp-json\/wp\/v2\/media?parent=2395"}],"curies":[{"name":"wp","href":"https:\/\/api.w.org\/{rel}","templated":true}]}}