{"id":1950,"date":"2025-07-13T19:22:10","date_gmt":"2025-07-13T17:22:10","guid":{"rendered":"https:\/\/homesecureprotect.com\/?page_id=1950"},"modified":"2025-07-13T21:00:32","modified_gmt":"2025-07-13T19:00:32","slug":"rejoindre-notre-equipe","status":"publish","type":"page","link":"https:\/\/homesecureprotect.com\/it\/rejoindre-notre-equipe\/","title":{"rendered":"REJOIGNEZ NOTRE \u00c9QUIPE"},"content":{"rendered":"<div data-elementor-type=\"wp-page\" data-elementor-id=\"1950\" class=\"elementor elementor-1950\">\n\t\t\t\t<div data-particle_enable=\"false\" data-particle-mobile-disabled=\"false\" class=\"elementor-element elementor-element-9d294d4 e-flex e-con-boxed e-con e-parent\" data-id=\"9d294d4\" data-element_type=\"container\" data-settings=\"{&quot;ekit_has_onepagescroll_dot&quot;:&quot;yes&quot;}\">\n\t\t\t\t\t<div class=\"e-con-inner\">\n\t\t<div data-particle_enable=\"false\" data-particle-mobile-disabled=\"false\" class=\"elementor-element elementor-element-3cf816b e-con-full e-flex e-con e-child\" data-id=\"3cf816b\" data-element_type=\"container\" data-settings=\"{&quot;ekit_has_onepagescroll_dot&quot;:&quot;yes&quot;}\">\n\t\t\t\t<div class=\"elementor-element elementor-element-a785a88 elementor-widget elementor-widget-image\" data-id=\"a785a88\" data-element_type=\"widget\" data-settings=\"{&quot;ekit_we_effect_on&quot;:&quot;none&quot;}\" data-widget_type=\"image.default\">\n\t\t\t\t<div class=\"elementor-widget-container\">\n\t\t\t\t\t\t\t\t\t\t\t\t\t\t\t<img fetchpriority=\"high\" decoding=\"async\" width=\"800\" height=\"1200\" src=\"https:\/\/homesecureprotect.com\/wp-content\/uploads\/2025\/07\/commercial-independant-800x1200.png\" class=\"attachment-large size-large wp-image-1953\" alt=\"\" srcset=\"https:\/\/homesecureprotect.com\/wp-content\/uploads\/2025\/07\/commercial-independant-800x1200.png 800w, https:\/\/homesecureprotect.com\/wp-content\/uploads\/2025\/07\/commercial-independant-333x500.png 333w, https:\/\/homesecureprotect.com\/wp-content\/uploads\/2025\/07\/commercial-independant-200x300.png 200w, https:\/\/homesecureprotect.com\/wp-content\/uploads\/2025\/07\/commercial-independant-768x1152.png 768w, https:\/\/homesecureprotect.com\/wp-content\/uploads\/2025\/07\/commercial-independant-400x600.png 400w, https:\/\/homesecureprotect.com\/wp-content\/uploads\/2025\/07\/commercial-independant-1024x1536.png 1024w, https:\/\/homesecureprotect.com\/wp-content\/uploads\/2025\/07\/commercial-independant-1365x2048.png 1365w, https:\/\/homesecureprotect.com\/wp-content\/uploads\/2025\/07\/commercial-independant-50x75.png 50w, https:\/\/homesecureprotect.com\/wp-content\/uploads\/2025\/07\/commercial-independant-480x720.png 480w, https:\/\/homesecureprotect.com\/wp-content\/uploads\/2025\/07\/commercial-independant.png 1520w\" sizes=\"(max-width:767px) 480px, (max-width:800px) 100vw, 800px\" \/>\t\t\t\t\t\t\t\t\t\t\t\t\t\t\t<\/div>\n\t\t\t\t<\/div>\n\t\t\t\t<\/div>\n\t\t<div data-particle_enable=\"false\" data-particle-mobile-disabled=\"false\" class=\"elementor-element elementor-element-dc7b575 e-con-full e-flex e-con e-child\" data-id=\"dc7b575\" data-element_type=\"container\" data-settings=\"{&quot;ekit_has_onepagescroll_dot&quot;:&quot;yes&quot;}\">\n\t\t\t\t<div class=\"elementor-element elementor-element-68fac97 elementor-widget elementor-widget-text-editor\" data-id=\"68fac97\" data-element_type=\"widget\" data-settings=\"{&quot;ekit_we_effect_on&quot;:&quot;none&quot;}\" data-widget_type=\"text-editor.default\">\n\t\t\t\t<div class=\"elementor-widget-container\">\n\t\t\t\t\t\t\t\t\t<h6 style=\"text-align: center;\"><strong>DEVENEZ COMMERCIAL TECHNICIEN IND\u00c9PENDANT \u2013 HOME SECURE PROTECT<\/strong><br \/>Rejoignez une entreprise innovante dans la s\u00e9curit\u00e9 intelligente.<\/h6><p>\u2705 Votre mission :<br \/>Promouvoir et installer nos serrures biom\u00e9triques et syst\u00e8mes de s\u00e9curit\u00e9 connect\u00e9s<\/p><p>Conseiller les clients (propri\u00e9taires, Airbnb, entreprises\u2026)<\/p><p>Repr\u00e9senter la marque avec professionnalisme et efficacit\u00e9<\/p><p>\ud83d\udee0 Nous vous offrons :<br \/>Statut ind\u00e9pendant (auto-entrepreneur ou soci\u00e9t\u00e9)<\/p><p>\u00c9quipements fournis : mat\u00e9riel de d\u00e9monstration, outils, kits de pr\u00e9sentation<\/p><p>Formation compl\u00e8te gratuite assur\u00e9e par nos experts<\/p><p>Commissions \u00e9lev\u00e9es et motivantes<\/p><p>Jusqu\u2019\u00e0 8 000 \u20ac \/ mois selon vos ventes<\/p><p>V\u00e9hicule de soci\u00e9t\u00e9 fourni apr\u00e8s p\u00e9riode d\u2019essai r\u00e9ussie<\/p><p>\ud83d\udc64 Profil recherch\u00e9 :<br \/>Sens commercial et go\u00fbt du terrain<\/p><p>Pr\u00e9sentation soign\u00e9e, discours convaincant<\/p><p>Motivation, autonomie, esprit d\u2019initiative<\/p><p>D\u00e9butant accept\u00e9 \u2013 formation assur\u00e9e<\/p><p>\ud83d\udccd Zones \u00e0 pourvoir :<br \/>Opportunit\u00e9s dans toute la France (grandes villes prioritaires)<\/p><p>\ud83d\udce9 Postulez d\u00e8s maintenant et rejoignez notre r\u00e9seau de commerciaux techniciens !<br \/>Faites partie d\u2019un secteur d\u2019avenir en pleine\u00a0croissance.<\/p><p>\ud83d\udce8 <strong data-start=\"412\" data-end=\"436\">Envoyez votre CV \u00e0 :<\/strong><br data-start=\"436\" data-end=\"439\" \/>\ud83d\udc49 <strong data-start=\"442\" data-end=\"475\"><a class=\"cursor-pointer\" href=\"mailto:joindre@homesecureprotect.com\" rel=\"noopener\" data-start=\"444\" data-end=\"473\">joindre@homesecureprotect.com<\/a><\/strong><\/p>\t\t\t\t\t\t\t\t<\/div>\n\t\t\t\t<\/div>\n\t\t\t\t<\/div>\n\t\t\t\t\t<\/div>\n\t\t\t\t<\/div>\n\t\t\t\t<\/div>","protected":false},"excerpt":{"rendered":"<p>DEVENEZ COMMERCIAL TECHNICIEN IND\u00c9PENDANT \u2013 HOME SECURE PROTECTRejoignez une entreprise innovante dans la s\u00e9curit\u00e9 intelligente. \u2705 Votre mission :Promouvoir et installer nos serrures biom\u00e9triques et syst\u00e8mes<span class=\"excerpt-hellip\"> [\u2026]<\/span><\/p>","protected":false},"author":1,"featured_media":1772,"parent":0,"menu_order":0,"comment_status":"closed","ping_status":"closed","template":"","meta":{"_mbp_gutenberg_autopost":false,"footnotes":""},"class_list":["post-1950","page","type-page","status-publish","has-post-thumbnail","hentry"],"_links":{"self":[{"href":"https:\/\/homesecureprotect.com\/it\/wp-json\/wp\/v2\/pages\/1950","targetHints":{"allow":["GET"]}}],"collection":[{"href":"https:\/\/homesecureprotect.com\/it\/wp-json\/wp\/v2\/pages"}],"about":[{"href":"https:\/\/homesecureprotect.com\/it\/wp-json\/wp\/v2\/types\/page"}],"author":[{"embeddable":true,"href":"https:\/\/homesecureprotect.com\/it\/wp-json\/wp\/v2\/users\/1"}],"replies":[{"embeddable":true,"href":"https:\/\/homesecureprotect.com\/it\/wp-json\/wp\/v2\/comments?post=1950"}],"version-history":[{"count":11,"href":"https:\/\/homesecureprotect.com\/it\/wp-json\/wp\/v2\/pages\/1950\/revisions"}],"predecessor-version":[{"id":1966,"href":"https:\/\/homesecureprotect.com\/it\/wp-json\/wp\/v2\/pages\/1950\/revisions\/1966"}],"wp:featuredmedia":[{"embeddable":true,"href":"https:\/\/homesecureprotect.com\/it\/wp-json\/wp\/v2\/media\/1772"}],"wp:attachment":[{"href":"https:\/\/homesecureprotect.com\/it\/wp-json\/wp\/v2\/media?parent=1950"}],"curies":[{"name":"wp","href":"https:\/\/api.w.org\/{rel}","templated":true}]}}