{"id":464,"date":"2025-06-23T22:10:56","date_gmt":"2025-06-23T22:10:56","guid":{"rendered":"https:\/\/homesecureprotect.com\/?post_type=product&#038;p=464"},"modified":"2025-12-21T19:10:35","modified_gmt":"2025-12-21T17:10:35","slug":"camera-wifi-exterieure-solaire","status":"publish","type":"product","link":"https:\/\/homesecureprotect.com\/es\/product\/camera-wifi-exterieure-solaire\/","title":{"rendered":"C\u00e1mara solar WiFi HSP-CWS1"},"content":{"rendered":"<blockquote>\n<p data-start=\"92\" data-end=\"411\"><strong data-start=\"95\" data-end=\"169\">S\u00e9curit\u00e9 autonome et connect\u00e9e 24h\/24<\/strong><br data-start=\"169\" data-end=\"172\" \/>Prot\u00e9gez votre maison, jardin ou entreprise sans contrainte de c\u00e2bles ni de courant.<br data-start=\"256\" data-end=\"259\" \/>Gr\u00e2ce \u00e0 son panneau solaire int\u00e9gr\u00e9, cette cam\u00e9ra fonctionne de fa\u00e7on autonome, tout en vous offrant une surveillance en direct depuis votre smartphone.<\/p>\n<\/blockquote>\n<p data-start=\"413\" data-end=\"736\">\u2705 <strong data-start=\"415\" data-end=\"483\">Vision nocturne infrarouge &amp; d\u00e9tection de mouvement intelligente &amp; <b class=\"magic-8\" data-spm-anchor-id=\"a2700.details-description.0.i0.4b6fsnMKsnMKpq\">Auto Tracking<\/b><\/strong><br data-start=\"483\" data-end=\"486\" \/>\u2705 <strong data-start=\"488\" data-end=\"550\">Connexion WiFi stable pour une visualisation en temps r\u00e9el<\/strong><br data-start=\"550\" data-end=\"553\" \/>\u2705 <strong data-start=\"555\" data-end=\"612\">Alimentation solaire + batterie rechargeable int\u00e9gr\u00e9e<\/strong><br data-start=\"612\" data-end=\"615\" \/>\u2705 <strong data-start=\"617\" data-end=\"654\">R\u00e9sistante aux intemp\u00e9ries (IP66)<\/strong><br data-start=\"654\" data-end=\"657\" \/>\u2705 <strong data-start=\"659\" data-end=\"736\">Notifications instantan\u00e9es sur votre t\u00e9l\u00e9phone en cas d\u2019activit\u00e9 d\u00e9tect\u00e9e<\/strong><\/p>\n<p data-start=\"738\" data-end=\"866\" data-is-last-node=\"\" data-is-only-node=\"\"><strong data-start=\"738\" data-end=\"789\">Simple \u00e0 installer, 100% sans fil et \u00e9conomique<\/strong>, cette cam\u00e9ra est la solution id\u00e9ale pour une s\u00e9curit\u00e9 fiable et \u00e9cologique.<\/p>","protected":false},"excerpt":{"rendered":"<p><strong data-start=\"95\" data-end=\"169\">S\u00e9curit\u00e9 autonome et connect\u00e9e 24h\/24<\/strong><br data-start=\"169\" data-end=\"172\" \/>Prot\u00e9gez votre maison, jardin ou entreprise sans contrainte de c\u00e2bles ni de courant.<br data-start=\"256\" data-end=\"259\" \/>Gr\u00e2ce \u00e0 son panneau solaire int\u00e9gr\u00e9, cette cam\u00e9ra fonctionne de fa\u00e7on autonome, tout en vous offrant une surveillance en direct depuis votre smartphone.<\/p>","protected":false},"featured_media":2702,"template":"","meta":{"_mbp_gutenberg_autopost":false},"product_brand":[131],"product_cat":[25],"product_tag":[32,31,33],"class_list":{"0":"post-464","1":"product","2":"type-product","3":"status-publish","4":"has-post-thumbnail","6":"product_brand-home-secure-protect","7":"product_cat-camera-de-surveillance","8":"product_tag-camera-wifi","9":"product_tag-camera-wifi-exterieure-solaire","10":"product_tag-solaire","12":"first","13":"instock","14":"featured","15":"shipping-taxable","16":"purchasable","17":"product-type-simple"},"bundled_by":[],"bundle_stock_status":"instock","bundle_stock_quantity":null,"bundle_virtual":false,"bundle_layout":"","bundle_add_to_cart_form_location":"","bundle_editable_in_cart":false,"bundle_sold_individually_context":"","bundle_item_grouping":"","bundle_min_size":"","bundle_max_size":"","bundle_price":[],"bundled_items":[],"bundle_sell_ids":[],"exclude_global_add_ons":[],"addons":[],"_links":{"self":[{"href":"https:\/\/homesecureprotect.com\/es\/wp-json\/wp\/v2\/product\/464","targetHints":{"allow":["GET"]}}],"collection":[{"href":"https:\/\/homesecureprotect.com\/es\/wp-json\/wp\/v2\/product"}],"about":[{"href":"https:\/\/homesecureprotect.com\/es\/wp-json\/wp\/v2\/types\/product"}],"version-history":[{"count":6,"href":"https:\/\/homesecureprotect.com\/es\/wp-json\/wp\/v2\/product\/464\/revisions"}],"predecessor-version":[{"id":2465,"href":"https:\/\/homesecureprotect.com\/es\/wp-json\/wp\/v2\/product\/464\/revisions\/2465"}],"wp:featuredmedia":[{"embeddable":true,"href":"https:\/\/homesecureprotect.com\/es\/wp-json\/wp\/v2\/media\/2702"}],"wp:attachment":[{"href":"https:\/\/homesecureprotect.com\/es\/wp-json\/wp\/v2\/media?parent=464"}],"wp:term":[{"taxonomy":"product_brand","embeddable":true,"href":"https:\/\/homesecureprotect.com\/es\/wp-json\/wp\/v2\/product_brand?post=464"},{"taxonomy":"product_cat","embeddable":true,"href":"https:\/\/homesecureprotect.com\/es\/wp-json\/wp\/v2\/product_cat?post=464"},{"taxonomy":"product_tag","embeddable":true,"href":"https:\/\/homesecureprotect.com\/es\/wp-json\/wp\/v2\/product_tag?post=464"}],"curies":[{"name":"wp","href":"https:\/\/api.w.org\/{rel}","templated":true}]}}