{"id":460,"date":"2025-06-26T22:05:04","date_gmt":"2025-06-26T20:05:04","guid":{"rendered":"https:\/\/homesecureprotect.com\/?post_type=product&#038;p=460"},"modified":"2025-12-21T19:20:04","modified_gmt":"2025-12-21T17:20:04","slug":"cadenas-biometrique","status":"publish","type":"product","link":"https:\/\/homesecureprotect.com\/es\/product\/cadenas-biometrique\/","title":{"rendered":"Candado biom\u00e9trico"},"content":{"rendered":"<p data-start=\"81\" data-end=\"400\"><strong data-start=\"84\" data-end=\"146\">S\u00e9curit\u00e9 sans cl\u00e9, \u00e0 port\u00e9e de doigt<\/strong><br data-start=\"146\" data-end=\"149\" \/>Oubliez les cl\u00e9s perdues ou les codes oubli\u00e9s. Ce cadenas biom\u00e9trique s\u2019ouvre instantan\u00e9ment avec votre empreinte digitale.<br data-start=\"272\" data-end=\"275\" \/>Compact, robuste et \u00e9tanche, il est id\u00e9al pour s\u00e9curiser casiers, portails, garages, valises ou \u00e9quipements professionnels.<\/p>\n<p data-start=\"402\" data-end=\"586\">\u2705 D\u00e9verrouillage rapide en 0,5 seconde<br data-start=\"440\" data-end=\"443\" \/>\u2705 Jusqu\u2019\u00e0 20 empreintes enregistrables<br data-start=\"481\" data-end=\"484\" \/>\u2705 Autonomie longue dur\u00e9e (jusqu\u2019\u00e0 6 mois par charge USB)<br data-start=\"540\" data-end=\"543\" \/>\u2705 R\u00e9sistance aux intemp\u00e9ries et aux chocs<\/p>\n<p data-start=\"588\" data-end=\"682\" data-is-last-node=\"\" data-is-only-node=\"\"><strong data-start=\"588\" data-end=\"619\">Fiable, moderne et pratique<\/strong>, le cadenas biom\u00e9trique est votre alli\u00e9 s\u00e9curit\u00e9 au quotidien.<\/p>","protected":false},"excerpt":{"rendered":"<p><strong data-start=\"84\" data-end=\"146\">S\u00e9curit\u00e9 sans cl\u00e9, \u00e0 port\u00e9e de doigt<\/strong><br data-start=\"146\" data-end=\"149\" \/>Oubliez les cl\u00e9s perdues ou les codes oubli\u00e9s. Ce cadenas biom\u00e9trique s\u2019ouvre instantan\u00e9ment avec votre empreinte digitale.<br data-start=\"272\" data-end=\"275\" \/>Compact, robuste et \u00e9tanche, il est id\u00e9al pour s\u00e9curiser casiers, portails, garages, valises ou \u00e9quipements professionnels.<\/p>","protected":false},"featured_media":1995,"template":"","meta":{"_mbp_gutenberg_autopost":false},"product_brand":[131],"product_cat":[24],"product_tag":[30,29,28],"class_list":{"0":"post-460","1":"product","2":"type-product","3":"status-publish","4":"has-post-thumbnail","6":"product_brand-home-secure-protect","7":"product_cat-cadenas-biometrique","8":"product_tag-biometrique","9":"product_tag-cadenas","10":"product_tag-cadenas-biometrique","12":"first","13":"instock","14":"featured","15":"shipping-taxable","16":"purchasable","17":"product-type-simple"},"bundled_by":[],"bundle_stock_status":"instock","bundle_stock_quantity":null,"bundle_virtual":false,"bundle_layout":"","bundle_add_to_cart_form_location":"","bundle_editable_in_cart":false,"bundle_sold_individually_context":"","bundle_item_grouping":"","bundle_min_size":"","bundle_max_size":"","bundle_price":[],"bundled_items":[],"bundle_sell_ids":[],"exclude_global_add_ons":[],"addons":[],"_links":{"self":[{"href":"https:\/\/homesecureprotect.com\/es\/wp-json\/wp\/v2\/product\/460","targetHints":{"allow":["GET"]}}],"collection":[{"href":"https:\/\/homesecureprotect.com\/es\/wp-json\/wp\/v2\/product"}],"about":[{"href":"https:\/\/homesecureprotect.com\/es\/wp-json\/wp\/v2\/types\/product"}],"version-history":[{"count":4,"href":"https:\/\/homesecureprotect.com\/es\/wp-json\/wp\/v2\/product\/460\/revisions"}],"predecessor-version":[{"id":1996,"href":"https:\/\/homesecureprotect.com\/es\/wp-json\/wp\/v2\/product\/460\/revisions\/1996"}],"wp:featuredmedia":[{"embeddable":true,"href":"https:\/\/homesecureprotect.com\/es\/wp-json\/wp\/v2\/media\/1995"}],"wp:attachment":[{"href":"https:\/\/homesecureprotect.com\/es\/wp-json\/wp\/v2\/media?parent=460"}],"wp:term":[{"taxonomy":"product_brand","embeddable":true,"href":"https:\/\/homesecureprotect.com\/es\/wp-json\/wp\/v2\/product_brand?post=460"},{"taxonomy":"product_cat","embeddable":true,"href":"https:\/\/homesecureprotect.com\/es\/wp-json\/wp\/v2\/product_cat?post=460"},{"taxonomy":"product_tag","embeddable":true,"href":"https:\/\/homesecureprotect.com\/es\/wp-json\/wp\/v2\/product_tag?post=460"}],"curies":[{"name":"wp","href":"https:\/\/api.w.org\/{rel}","templated":true}]}}