{"id":2796,"date":"2025-10-26T11:14:18","date_gmt":"2025-10-26T09:14:18","guid":{"rendered":"https:\/\/homesecureprotect.com\/?post_type=product&#038;p=2796"},"modified":"2025-12-21T18:32:16","modified_gmt":"2025-12-21T16:32:16","slug":"serrure-hsp-a1p","status":"publish","type":"product","link":"https:\/\/homesecureprotect.com\/es\/product\/serrure-hsp-a1p\/","title":{"rendered":"Serrure HSP-A1P"},"content":{"rendered":"<p data-start=\"74\" data-end=\"413\"><strong data-start=\"77\" data-end=\"138\">Abre tu puerta con solo un dedo<\/strong><br data-start=\"138\" data-end=\"141\" \/>Reemplaza las llaves tradicionales con tecnolog\u00eda. Esta cerradura inteligente se abre con tu huella digital, un c\u00f3digo o tu smartphone. Segura, elegante y f\u00e1cil de instalar, es ideal para casas, apartamentos, oficinas o alquileres de Airbnb.<\/p>\n<p data-start=\"415\" data-end=\"684\">\u2705 D\u00e9verrouillage par empreinte, code, carte, 3D Face ou application mobile<br data-start=\"480\" data-end=\"483\" \/>\u2705 Hasta 100 huellas almacenables<br data-start=\"522\" data-end=\"525\" \/>\u2705 C\u00e1mara HD integrada (seg\u00fan el modelo) para visualizar a los visitantes<br data-start=\"590\" data-end=\"593\" \/>\u2705 Alerta en caso de intento de intrusi\u00f3n<br data-start=\"634\" data-end=\"637\" \/>\u2705 Instalaci\u00f3n sencilla en la mayor\u00eda de las puertas<\/p>\n<p data-start=\"686\" data-end=\"760\" data-is-last-node=\"\" data-is-only-node=\"\"><strong data-start=\"686\" data-end=\"725\">Moderniza el acceso a tu hogar<\/strong> reforzando al mismo tiempo tu seguridad.<\/p>","protected":false},"excerpt":{"rendered":"<p><strong data-start=\"77\" data-end=\"138\">Abre tu puerta con solo un dedo<\/strong><br data-start=\"138\" data-end=\"141\" \/>Reemplaza las llaves tradicionales con tecnolog\u00eda. Esta cerradura inteligente se abre con tu huella digital, un c\u00f3digo o tu smartphone. Segura, elegante y f\u00e1cil de instalar, es ideal para casas, apartamentos, oficinas o alquileres de Airbnb.<\/p>","protected":false},"featured_media":2797,"template":"","meta":{"_mbp_gutenberg_autopost":false},"product_brand":[131],"product_cat":[23],"product_tag":[30,35,34],"class_list":{"0":"post-2796","1":"product","2":"type-product","3":"status-publish","4":"has-post-thumbnail","6":"product_brand-home-secure-protect","7":"product_cat-serrure-biometrique","8":"product_tag-biometrique","9":"product_tag-serrure","10":"product_tag-serrure-biometrique","12":"first","13":"instock","14":"featured","15":"shipping-taxable","16":"purchasable","17":"product-type-simple"},"bundled_by":[],"bundle_stock_status":"instock","bundle_stock_quantity":null,"bundle_virtual":false,"bundle_layout":"","bundle_add_to_cart_form_location":"","bundle_editable_in_cart":false,"bundle_sold_individually_context":"","bundle_item_grouping":"","bundle_min_size":"","bundle_max_size":"","bundle_price":[],"bundled_items":[],"bundle_sell_ids":[],"exclude_global_add_ons":false,"addons":[{"name":"Instalaci\u00f3n a domicilio","type":"checkbox","position":0,"required":true,"title_format":"label","default":"","description_enable":true,"description":"Profitez d\u2019une installation rapide et professionnelle directement chez vous. Nos techniciens qualifi\u00e9s se d\u00e9placent du lundi au samedi. L\u2019intervention est r\u00e9alis\u00e9e en moins de 2 heures.","placeholder_enable":false,"placeholder":"","display":"select","restrictions_type":"any_text","adjust_price":false,"price":"","price_type":"flat_fee","restrictions":false,"min":"0","max":"0","options":[{"label":"Oui","price":"","price_type":"flat_fee","image":0,"visibility":true},{"label":"Non","price":"","price_type":"flat_fee","image":0,"visibility":true}],"id":1750755807}],"_links":{"self":[{"href":"https:\/\/homesecureprotect.com\/es\/wp-json\/wp\/v2\/product\/2796","targetHints":{"allow":["GET"]}}],"collection":[{"href":"https:\/\/homesecureprotect.com\/es\/wp-json\/wp\/v2\/product"}],"about":[{"href":"https:\/\/homesecureprotect.com\/es\/wp-json\/wp\/v2\/types\/product"}],"version-history":[{"count":1,"href":"https:\/\/homesecureprotect.com\/es\/wp-json\/wp\/v2\/product\/2796\/revisions"}],"predecessor-version":[{"id":2806,"href":"https:\/\/homesecureprotect.com\/es\/wp-json\/wp\/v2\/product\/2796\/revisions\/2806"}],"wp:featuredmedia":[{"embeddable":true,"href":"https:\/\/homesecureprotect.com\/es\/wp-json\/wp\/v2\/media\/2797"}],"wp:attachment":[{"href":"https:\/\/homesecureprotect.com\/es\/wp-json\/wp\/v2\/media?parent=2796"}],"wp:term":[{"taxonomy":"product_brand","embeddable":true,"href":"https:\/\/homesecureprotect.com\/es\/wp-json\/wp\/v2\/product_brand?post=2796"},{"taxonomy":"product_cat","embeddable":true,"href":"https:\/\/homesecureprotect.com\/es\/wp-json\/wp\/v2\/product_cat?post=2796"},{"taxonomy":"product_tag","embeddable":true,"href":"https:\/\/homesecureprotect.com\/es\/wp-json\/wp\/v2\/product_tag?post=2796"}],"curies":[{"name":"wp","href":"https:\/\/api.w.org\/{rel}","templated":true}]}}