{"id":737,"date":"2025-06-28T14:26:27","date_gmt":"2025-06-28T12:26:27","guid":{"rendered":"https:\/\/homesecureprotect.com\/wholesale-registration-page\/"},"modified":"2025-08-30T11:12:17","modified_gmt":"2025-08-30T09:12:17","slug":"wholesale-registration-page","status":"publish","type":"page","link":"https:\/\/homesecureprotect.com\/es\/wholesale-registration-page\/","title":{"rendered":"P\u00e1gina de registro de mayoristas"},"content":{"rendered":"<div data-elementor-type=\"wp-page\" data-elementor-id=\"737\" class=\"elementor elementor-737\">\n\t\t\t\t<div data-particle_enable=\"false\" data-particle-mobile-disabled=\"false\" class=\"elementor-element elementor-element-6b7d2ba9 e-flex e-con-boxed e-con e-parent\" data-id=\"6b7d2ba9\" data-element_type=\"container\" data-settings=\"{&quot;ekit_has_onepagescroll_dot&quot;:&quot;yes&quot;}\">\n\t\t\t\t\t<div class=\"e-con-inner\">\n\t\t\t\t<div class=\"elementor-element elementor-element-48a098b5 elementor-widget elementor-widget-shortcode\" data-id=\"48a098b5\" data-element_type=\"widget\" data-settings=\"{&quot;ekit_we_effect_on&quot;:&quot;none&quot;}\" data-widget_type=\"shortcode.default\">\n\t\t\t\t<div class=\"elementor-widget-container\">\n\t\t\t\t\t\t\t<div class=\"elementor-shortcode\">\n<div id=\"wwlc-registration-form\" data-redirect=\"\"><div class=\"woocommerce wwlc-form-error\"><\/div><form method=\"post\" class=\"wwlc-register\" id=\"registration_form\" action=\"\"><input type=\"hidden\" id=\"wwlc_register_user_nonce_field\" name=\"wwlc_register_user_nonce_field\" value=\"3320f98103\" \/><input type=\"hidden\" name=\"_wp_http_referer\" value=\"\/es\/wp-json\/wp\/v2\/pages\/737\" \/><div style=\"display: none !important;\" class=\"honeypot\"><label for=\"honeypot-field\">Please Leave This Empty:<\/label><input type=\"text\" id=\"honeypot-field\" name=\"honeypot-field\" val=\"\"><\/div><p class=\"form-row field-set text-field-set first_name wwlc_registration_field form_field validate-required\" id=\"first_name_field\" data-priority=\"\"><label for=\"first_name\" class=\"required_field\">N\u00famero&nbsp;<span class=\"required\" aria-hidden=\"true\">*<\/span><\/label><span class=\"woocommerce-input-wrapper\"><input type=\"text\" class=\"input-text wwlc_form_field\" name=\"first_name\" id=\"first_name\" placeholder=\"\"  value=\"\" data-required=\"yes\" aria-required=\"true\" \/><\/span><\/p><p class=\"form-row field-set text-field-set last_name wwlc_registration_field form_field validate-required\" id=\"last_name_field\" data-priority=\"\"><label for=\"last_name\" class=\"required_field\">Llamado&nbsp;<span class=\"required\" aria-hidden=\"true\">*<\/span><\/label><span class=\"woocommerce-input-wrapper\"><input type=\"text\" class=\"input-text wwlc_form_field\" name=\"last_name\" id=\"last_name\" placeholder=\"\"  value=\"\" data-required=\"yes\" aria-required=\"true\" \/><\/span><\/p><p class=\"form-row field-set phone-field-set wwlc_phone wwlc_registration_field form_field validate-required\" id=\"wwlc_phone_field\" data-priority=\"\"><label for=\"wwlc_phone\" class=\"required_field\">Tel\u00e9fono&nbsp;<span class=\"required\" aria-hidden=\"true\">*<\/span><\/label><span class=\"woocommerce-input-wrapper\"><input type=\"tel\" class=\"input-text wwlc_form_field phone\" name=\"wwlc_phone\" id=\"wwlc_phone\" placeholder=\"\"  value=\"\" data-phonemask=\"No format\" data-required=\"yes\" aria-required=\"true\" \/><\/span><\/p><p class=\"form-row field-set email-field-set user_email wwlc_registration_field form_field validate-required\" id=\"user_email_field\" data-priority=\"\"><label for=\"user_email\" class=\"required_field\">Correo electr\u00f3nico&nbsp;<span class=\"required\" aria-hidden=\"true\">*<\/span><\/label><span class=\"woocommerce-input-wrapper\"><input type=\"email\" class=\"input-text wwlc_form_field\" name=\"user_email\" id=\"user_email\" placeholder=\"\"  value=\"\" data-required=\"yes\" aria-required=\"true\" \/><\/span><\/p><p class=\"form-row field-set text-field-set wwlc_username wwlc_registration_field form_field validate-required\" id=\"wwlc_username_field\" data-priority=\"\"><label for=\"wwlc_username\" class=\"required_field\">N\u00famero de usuarios&nbsp;<span class=\"required\" aria-hidden=\"true\">*<\/span><\/label><span class=\"woocommerce-input-wrapper\"><input type=\"text\" class=\"input-text wwlc_form_field\" name=\"wwlc_username\" id=\"wwlc_username\" placeholder=\"\"  value=\"\" data-required=\"yes\" aria-required=\"true\" \/><\/span><\/p><p class=\"form-row field-set text-field-set wwlc_company_name wwlc_registration_field form_field validate-required\" id=\"wwlc_company_name_field\" data-priority=\"\"><label for=\"wwlc_company_name\" class=\"required_field\">Nombre de empresa&nbsp;<span class=\"required\" aria-hidden=\"true\">*<\/span><\/label><span class=\"woocommerce-input-wrapper\"><input type=\"text\" class=\"input-text wwlc_form_field\" name=\"wwlc_company_name\" id=\"wwlc_company_name\" placeholder=\"\"  value=\"\" data-required=\"yes\" aria-required=\"true\" \/><\/span><\/p><p class=\"form-row field-set select-field-set wwlc_country wwlc_registration_field form_field validate-required\" id=\"wwlc_country_field\" data-priority=\"\"><label for=\"wwlc_country\" class=\"required_field\">Pa\u00eds&nbsp;<span class=\"required\" aria-hidden=\"true\">*<\/span><\/label><span class=\"woocommerce-input-wrapper\"><select name=\"wwlc_country\" id=\"wwlc_country\" class=\"select wwlc_form_field\" data-required=\"yes\" aria-required=\"true\" data-placeholder=\"\">\n\t\t\t\t\t\t\t<option value=\"AF\" >Afganist\u00e1n<\/option><option value=\"AL\" >Albania<\/option><option value=\"DE\" >Alemania<\/option><option value=\"AD\" >Andorra<\/option><option value=\"AO\" >Angola<\/option><option value=\"AI\" >Anguila<\/option><option value=\"AQ\" >Ant\u00e1rtida<\/option><option value=\"AG\" >Antigua y Barbuda<\/option><option value=\"SA\" >Arabia Saudita<\/option><option value=\"DZ\" >Argelia<\/option><option value=\"AR\" >Argentina<\/option><option value=\"AM\" >Armenia<\/option><option value=\"AW\" >Aruba<\/option><option value=\"AU\" >Australia<\/option><option value=\"AT\" >Austria<\/option><option value=\"AZ\" >Azerbaiy\u00e1n<\/option><option value=\"BS\" >Bahamas<\/option><option value=\"BH\" >Bar\u00e9in<\/option><option value=\"BD\" >Banglad\u00e9s<\/option><option value=\"BB\" >Barbados<\/option><option value=\"PW\" >Belau<\/option><option value=\"BE\" >B\u00e9lgica<\/option><option value=\"BZ\" >Belice<\/option><option value=\"BJ\" >Benigno<\/option><option value=\"BM\" >islas Bermudas<\/option><option value=\"BT\" >But\u00e1n<\/option><option value=\"BY\" >Bielorrusia<\/option><option value=\"MM\" >Birmania<\/option><option value=\"BO\" >Bolivia<\/option><option value=\"BQ\" >Bonaire, San Eustaquio y Saba<\/option><option value=\"BA\" >Bosnia y Herzegovina<\/option><option value=\"BW\" >Botsuana<\/option><option value=\"BR\" >Brasil<\/option><option value=\"BN\" >Brun\u00e9i<\/option><option value=\"BG\" >Bulgaria<\/option><option value=\"BF\" >Burkina Faso<\/option><option value=\"BI\" >Burundi<\/option><option value=\"CV\" >Cabo Verde<\/option><option value=\"KH\" >Camboya<\/option><option value=\"CM\" >Camer\u00fan<\/option><option value=\"CA\" >Canad\u00e1<\/option><option value=\"TD\" >Chad<\/option><option value=\"CL\" >Chile<\/option><option value=\"CN\" >Porcelana<\/option><option value=\"CY\" >Chipre<\/option><option value=\"VA\" >Ciudad del Vaticano<\/option><option value=\"CO\" >Colombia<\/option><option value=\"KM\" >Comoras<\/option><option value=\"CG\" >Congo (Brazzaville)<\/option><option value=\"CD\" >Congo (Kinshasa)<\/option><option value=\"KP\" >Corea del Norte<\/option><option value=\"KR\" >Corea del Sur<\/option><option value=\"CI\" >Costa de Marfil<\/option><option value=\"CR\" >Costa Rica<\/option><option value=\"HR\" >Croacia<\/option><option value=\"CU\" >Cuba<\/option><option value=\"CW\" >Curazao<\/option><option value=\"DK\" >Dinamarca<\/option><option value=\"DJ\" >Yibuti<\/option><option value=\"DM\" >Dominica<\/option><option value=\"EC\" >Ecuador<\/option><option value=\"EG\" >Egipto<\/option><option value=\"SV\" >El Salvador<\/option><option value=\"AE\" >Emiratos \u00c1rabes Unidos<\/option><option value=\"ER\" >Eritrea<\/option><option value=\"SK\" >Eslovaquia<\/option><option value=\"SI\" >Eslovenia<\/option><option value=\"ES\" >Espa\u00f1a<\/option><option value=\"US\" >Estados Unidos (EEUU)<\/option><option value=\"EE\" >Estonia<\/option><option value=\"SZ\" >Esuatini<\/option><option value=\"ET\" >Etiop\u00eda<\/option><option value=\"PH\" >Filipinas<\/option><option value=\"FI\" >Finlandia<\/option><option value=\"FJ\" >Fiyi<\/option><option value=\"FR\" >Francia<\/option><option value=\"GA\" >Gab\u00f3n<\/option><option value=\"GM\" >Gambia<\/option><option value=\"GE\" >Georgia<\/option><option value=\"GH\" >Ghana<\/option><option value=\"GI\" >Gibraltar<\/option><option value=\"GD\" >Granada<\/option><option value=\"GR\" >Grecia<\/option><option value=\"GL\" >Groenlandia<\/option><option value=\"GP\" >Guadalupe<\/option><option value=\"GU\" >Guam<\/option><option value=\"GT\" >Guatemala<\/option><option value=\"GF\" >Guayana Francesa<\/option><option value=\"GG\" >Guernsey<\/option><option value=\"GN\" >Guinea<\/option><option value=\"GQ\" >Guinea Ecuatorial<\/option><option value=\"GW\" >Guinea-Bissau<\/option><option value=\"GY\" >Guayana<\/option><option value=\"HT\" >Hait\u00ed<\/option><option value=\"HN\" >Honduras<\/option><option value=\"HK\" >Hong Kong<\/option><option value=\"HU\" >Hungr\u00eda<\/option><option value=\"IN\" >India<\/option><option value=\"ID\" >Indonesia<\/option><option value=\"IQ\" >Irak<\/option><option value=\"IR\" >Ir\u00e1n<\/option><option value=\"IE\" >Irlanda<\/option><option value=\"BV\" >Isla Bouvet<\/option><option value=\"IM\" >Isla de Man<\/option><option value=\"CX\" >Isla de Navidad<\/option><option value=\"NF\" >Isla Norfolk<\/option><option value=\"SH\" >Isla Santa Elena<\/option><option value=\"IS\" >Islandia<\/option><option value=\"AX\" >Islas \u00c5land<\/option><option value=\"KY\" >Islas Caim\u00e1n<\/option><option value=\"CC\" >Islas Cocos<\/option><option value=\"CK\" >Islas Cook<\/option><option value=\"UM\" >Islas Ultramar Menores de los Estados Unidos (EEUU)<\/option><option value=\"FO\" >Islas Feroe<\/option><option value=\"GS\" >Islas Georgias y Sandwich del Sur<\/option><option value=\"HM\" >Islas Heard y McDonald<\/option><option value=\"FK\" >Islas Malvinas<\/option><option value=\"MP\" >Islas Marianas del Norte<\/option><option value=\"MH\" >Islas Marshall<\/option><option value=\"SB\" >Islas Salom\u00f3n<\/option><option value=\"TC\" >Islas Turcas y Caicos<\/option><option value=\"VG\" >Islas V\u00edrgenes Brit\u00e1nicas<\/option><option value=\"VI\" >Islas V\u00edrgenes (EE. UU.)<\/option><option value=\"IL\" >Israel<\/option><option value=\"IT\" >Italia<\/option><option value=\"JM\" >Jamaica<\/option><option value=\"JP\" >Jap\u00f3n<\/option><option value=\"JE\" >Jersey<\/option><option value=\"JO\" >Jord\u00e1n<\/option><option value=\"KZ\" >Kazajst\u00e1n<\/option><option value=\"KE\" >Kenia<\/option><option value=\"KG\" >Kirguist\u00e1n<\/option><option value=\"KI\" >Kiribati<\/option><option value=\"XK\" >Kosovo<\/option><option value=\"KW\" >Kuwait<\/option><option value=\"LA\" >Laos<\/option><option value=\"LS\" >Lesoto<\/option><option value=\"LV\" >Letonia<\/option><option value=\"LB\" >L\u00edbano<\/option><option value=\"LR\" >Liberia<\/option><option value=\"LY\" >Libia<\/option><option value=\"LI\" >Liechtenstein<\/option><option value=\"LT\" >Lituania<\/option><option value=\"LU\" >Luxemburgo<\/option><option value=\"MO\" >Macao<\/option><option value=\"MK\" >Macedonia del Norte<\/option><option value=\"MG\" >Madagascar<\/option><option value=\"MY\" >Malasia<\/option><option value=\"MW\" >Malaui<\/option><option value=\"MV\" >Maldivas<\/option><option value=\"ML\" >Mal\u00ed<\/option><option value=\"MT\" >Malta<\/option><option value=\"MA\" >Marruecos<\/option><option value=\"MQ\" >Martinica<\/option><option value=\"MU\" >Mauricio<\/option><option value=\"MR\" >Mauritania<\/option><option value=\"YT\" >Mayotte<\/option><option value=\"MX\" >M\u00e9xico<\/option><option value=\"FM\" >Micronesia<\/option><option value=\"MD\" >Moldavia<\/option><option value=\"MC\" >M\u00f3naco<\/option><option value=\"MN\" >Mongolia<\/option><option value=\"ME\" >Montenegro<\/option><option value=\"MS\" >Montserrat<\/option><option value=\"MZ\" >Mozambique<\/option><option value=\"NA\" >Namibia<\/option><option value=\"NR\" >Nauru<\/option><option value=\"NP\" >Nepal<\/option><option value=\"NI\" >Nicaragua<\/option><option value=\"NE\" >N\u00edger<\/option><option value=\"NG\" >Nigeria<\/option><option value=\"NU\" >Niue<\/option><option value=\"NO\" >Noruega<\/option><option value=\"NC\" >Nueva Caledonia<\/option><option value=\"NZ\" >Nueva Zelanda<\/option><option value=\"OM\" >Om\u00e1n<\/option><option value=\"NL\" >Pa\u00edses Bajos<\/option><option value=\"PK\" >Pakist\u00e1n<\/option><option value=\"PA\" >Panam\u00e1<\/option><option value=\"PG\" >Pap\u00faa Nueva Guinea<\/option><option value=\"PY\" >Paraguay<\/option><option value=\"PE\" >Per\u00fa<\/option><option value=\"PN\" >Pitcairn<\/option><option value=\"PF\" >Polinesia Francesa<\/option><option value=\"PL\" >Polonia<\/option><option value=\"PT\" >Portugal<\/option><option value=\"PR\" >Puerto Rico<\/option><option value=\"QA\" >Katar<\/option><option value=\"GB\" >Reino Unido (RU)<\/option><option value=\"CF\" >Rep\u00fablica Centroafricana<\/option><option value=\"CZ\" >Rep\u00fablica Checa<\/option><option value=\"DO\" >Rep\u00fablica Dominicana<\/option><option value=\"RE\" >Reuni\u00f3n<\/option><option value=\"RW\" >Ruanda<\/option><option value=\"RO\" >Rumania<\/option><option value=\"RU\" >Rusia<\/option><option value=\"EH\" >S\u00e1hara Occidental<\/option><option value=\"WS\" >Samoa<\/option><option value=\"AS\" >Samoa Americana<\/option><option value=\"BL\" >San Bartolom\u00e9<\/option><option value=\"KN\" >San Crist\u00f3bal y Nieves<\/option><option value=\"SM\" >San Marino<\/option><option value=\"SX\" >San Mart\u00edn (Pa\u00edses Bajos)<\/option><option value=\"MF\" >San Mart\u00edn (parte de Francia)<\/option><option value=\"PM\" >San Pedro y Miquel\u00f3n<\/option><option value=\"VC\" >San Vicente y las Granadinas<\/option><option value=\"LC\" >Santa Luc\u00eda<\/option><option value=\"ST\" >Santo Tom\u00e9 y Pr\u00edncipe<\/option><option value=\"SN\" >Senegal<\/option><option value=\"RS\" >Serbia<\/option><option value=\"SC\" >Seychelles<\/option><option value=\"SL\" >Sierra Leona<\/option><option value=\"SG\" >Singapur<\/option><option value=\"SY\" >Siria<\/option><option value=\"SO\" >Somalia<\/option><option value=\"LK\" >Sri Lanka<\/option><option value=\"ZA\" >Sud\u00e1frica<\/option><option value=\"SD\" >Sud\u00e1n<\/option><option value=\"SS\" >Sud\u00e1n del Sur<\/option><option value=\"SE\" >Suecia<\/option><option value=\"CH\" >Suiza<\/option><option value=\"SR\" >Surinam<\/option><option value=\"SJ\" >Svalbard y Jan Mayen<\/option><option value=\"TH\" >Tailandia<\/option><option value=\"TW\" >Taiw\u00e1n<\/option><option value=\"TZ\" >Tanzania<\/option><option value=\"TJ\" >Tayikist\u00e1n<\/option><option value=\"IO\" >Territorio Brit\u00e1nico del Oc\u00e9ano \u00cdndico<\/option><option value=\"TF\" >Territorios Australes Franceses<\/option><option value=\"PS\" >Territorios Palestinos<\/option><option value=\"TL\" >Timor Oriental<\/option><option value=\"TG\" >Ir<\/option><option value=\"TK\" >Tokelau<\/option><option value=\"TO\" >Tonga<\/option><option value=\"TT\" >Trinidad y Tobago<\/option><option value=\"TN\" >T\u00fanez<\/option><option value=\"TM\" >Turkmenist\u00e1n<\/option><option value=\"TR\" >Pavo<\/option><option value=\"TV\" >Tuvalu<\/option><option value=\"UA\" >Ucrania<\/option><option value=\"UG\" >Uganda<\/option><option value=\"UY\" >Uruguay<\/option><option value=\"UZ\" >Uzbekist\u00e1n<\/option><option value=\"VU\" >Vanuatu<\/option><option value=\"VE\" >Venezuela<\/option><option value=\"VN\" >Vietnam<\/option><option value=\"WF\" >Wallis y Futuna<\/option><option value=\"YE\" >Yemen<\/option><option value=\"ZM\" >Zambia<\/option><option value=\"ZW\" >Zimbabue<\/option>\n\t\t\t\t\t\t<\/select><\/span><\/p><p class=\"form-row field-set text-field-set wwlc_address wwlc_registration_field form_field validate-required\" id=\"wwlc_address_field\" data-priority=\"\"><label for=\"wwlc_address\" class=\"required_field\">Direcci\u00f3n 1&nbsp;<span class=\"required\" aria-hidden=\"true\">*<\/span><\/label><span class=\"woocommerce-input-wrapper\"><input type=\"text\" class=\"input-text wwlc_form_field\" name=\"wwlc_address\" id=\"wwlc_address\" placeholder=\"Direcci\u00f3n de la calle\"  value=\"\" data-required=\"yes\" aria-required=\"true\" \/><\/span><\/p><p class=\"form-row field-set text-field-set wwlc_address_2 wwlc_registration_field form_field\" id=\"wwlc_address_2_field\" data-priority=\"\">&nbsp;(opcional)<input type=\"text\" class=\"input-text wwlc_form_field\" name=\"wwlc_address_2\" id=\"wwlc_address_2\" placeholder=\"Apartamento, suite, unidad, etc. (opcional)\"  value=\"\"  \/><\/p><p class=\"form-row field-set text-field-set wwlc_city wwlc_registration_field form_field validate-required\" id=\"wwlc_city_field\" data-priority=\"\"><label for=\"wwlc_city\" class=\"required_field\">Poblaci\u00f3n&nbsp;<span class=\"required\" aria-hidden=\"true\">*<\/span><\/label><span class=\"woocommerce-input-wrapper\"><input type=\"text\" class=\"input-text wwlc_form_field\" name=\"wwlc_city\" id=\"wwlc_city\" placeholder=\"Pueblo \/ Ciudad\"  value=\"\" data-required=\"yes\" aria-required=\"true\" \/><\/span><\/p><p class=\"form-row field-set text-field-set wwlc_state wwlc_registration_field form_field validate-required\" id=\"wwlc_state_field\" data-priority=\"\"><label for=\"wwlc_state\" class=\"required_field\">Provincia&nbsp;<span class=\"required\" aria-hidden=\"true\">*<\/span><\/label><span class=\"woocommerce-input-wrapper\"><input type=\"text\" class=\"input-text wwlc_form_field\" name=\"wwlc_state\" id=\"wwlc_state\" placeholder=\"Estado \/ Condado\"  value=\"\" data-required=\"yes\" aria-required=\"true\" \/><\/span><\/p><p class=\"form-row field-set text-field-set wwlc_postcode wwlc_registration_field form_field validate-required\" id=\"wwlc_postcode_field\" data-priority=\"\"><label for=\"wwlc_postcode\" class=\"required_field\">C\u00f3digo Postal&nbsp;<span class=\"required\" aria-hidden=\"true\">*<\/span><\/label><span class=\"woocommerce-input-wrapper\"><input type=\"text\" class=\"input-text wwlc_form_field\" name=\"wwlc_postcode\" id=\"wwlc_postcode\" placeholder=\"C\u00f3digo postal\"  value=\"\" data-required=\"yes\" aria-required=\"true\" \/><\/span><\/p><p class=\"form-row field-set wwlc_password-field-set wwlc_password wwlc_registration_field form_field\" id=\"wwlc_password\" data-sort=\"\"><label for=\"wwlc_password\" class=\"\">Contrase\u00f1a<\/label><input type=\"password\" class=\"input-text wwlc_form_field\" name=\"wwlc_password\" id=\"wwlc_password\" placeholder=\"\"  value=\"\"  \/><span id=\"wwlc-password-strength\" class=\"wwlc-password-strength\"><\/span><\/p>\t<div class=\"field-set form-controls-section\">\n\t\t<p class=\"terms-and-condition-container\">Cuando te registras, confirmas los  <a href=\"https:\/\/homesecureprotect.com\/es\/terms-and-conditions\/\" target=\"_blank\">t\u00e9rminos y condiciones<\/a><\/p><p class=\"register-button-container\"><input type=\"submit\" name=\"submit\" class=\"form-control button button-primary\" id=\"wwlc-register\" value=\"Registrar\" ><span class=\"wwlc-loader\"><\/span><\/p><a class=\"form-control\" id=\"log-in\" href=\"https:\/\/homesecureprotect.com\/es\/wholesale-log-in-page\/\" >Acceder<\/a> <a class=\"form-control\" id=\"lost-password\" href=\"https:\/\/homesecureprotect.com\/es\/my-account\/lost-password\/\" >\u00bfOlvidaste la contrase\u00f1a?<\/a>\t<\/div>\n\n\t<input type=\"hidden\" name=\"trp-form-language\" value=\"es\"\/><\/form>\n<\/div><!--#wwlc-registration-form-->\n<\/div>\n\t\t\t\t\t\t<\/div>\n\t\t\t\t<\/div>\n\t\t\t\t\t<\/div>\n\t\t\t\t<\/div>\n\t\t\t\t<\/div>","protected":false},"excerpt":{"rendered":"","protected":false},"author":1,"featured_media":0,"parent":0,"menu_order":0,"comment_status":"closed","ping_status":"closed","template":"","meta":{"_mbp_gutenberg_autopost":false,"footnotes":""},"class_list":["post-737","page","type-page","status-publish","hentry"],"_links":{"self":[{"href":"https:\/\/homesecureprotect.com\/es\/wp-json\/wp\/v2\/pages\/737","targetHints":{"allow":["GET"]}}],"collection":[{"href":"https:\/\/homesecureprotect.com\/es\/wp-json\/wp\/v2\/pages"}],"about":[{"href":"https:\/\/homesecureprotect.com\/es\/wp-json\/wp\/v2\/types\/page"}],"author":[{"embeddable":true,"href":"https:\/\/homesecureprotect.com\/es\/wp-json\/wp\/v2\/users\/1"}],"replies":[{"embeddable":true,"href":"https:\/\/homesecureprotect.com\/es\/wp-json\/wp\/v2\/comments?post=737"}],"version-history":[{"count":3,"href":"https:\/\/homesecureprotect.com\/es\/wp-json\/wp\/v2\/pages\/737\/revisions"}],"predecessor-version":[{"id":2586,"href":"https:\/\/homesecureprotect.com\/es\/wp-json\/wp\/v2\/pages\/737\/revisions\/2586"}],"wp:attachment":[{"href":"https:\/\/homesecureprotect.com\/es\/wp-json\/wp\/v2\/media?parent=737"}],"curies":[{"name":"wp","href":"https:\/\/api.w.org\/{rel}","templated":true}]}}