{"id":737,"date":"2025-06-28T14:26:27","date_gmt":"2025-06-28T12:26:27","guid":{"rendered":"https:\/\/homesecureprotect.com\/wholesale-registration-page\/"},"modified":"2025-08-30T11:12:17","modified_gmt":"2025-08-30T09:12:17","slug":"wholesale-registration-page","status":"publish","type":"page","link":"https:\/\/homesecureprotect.com\/en\/wholesale-registration-page\/","title":{"rendered":"Wholesale Registration Page"},"content":{"rendered":"<div data-elementor-type=\"wp-page\" data-elementor-id=\"737\" class=\"elementor elementor-737\">\n\t\t\t\t<div data-particle_enable=\"false\" data-particle-mobile-disabled=\"false\" class=\"elementor-element elementor-element-6b7d2ba9 e-flex e-con-boxed e-con e-parent\" data-id=\"6b7d2ba9\" data-element_type=\"container\" data-settings=\"{&quot;ekit_has_onepagescroll_dot&quot;:&quot;yes&quot;}\">\n\t\t\t\t\t<div class=\"e-con-inner\">\n\t\t\t\t<div class=\"elementor-element elementor-element-48a098b5 elementor-widget elementor-widget-shortcode\" data-id=\"48a098b5\" data-element_type=\"widget\" data-settings=\"{&quot;ekit_we_effect_on&quot;:&quot;none&quot;}\" data-widget_type=\"shortcode.default\">\n\t\t\t\t<div class=\"elementor-widget-container\">\n\t\t\t\t\t\t\t<div class=\"elementor-shortcode\">\n<div id=\"wwlc-registration-form\" data-redirect=\"\"><div class=\"woocommerce wwlc-form-error\"><\/div><form method=\"post\" class=\"wwlc-register\" id=\"registration_form\" action=\"\"><input type=\"hidden\" id=\"wwlc_register_user_nonce_field\" name=\"wwlc_register_user_nonce_field\" value=\"3320f98103\" \/><input type=\"hidden\" name=\"_wp_http_referer\" value=\"\/en\/wp-json\/wp\/v2\/pages\/737\" \/><div style=\"display: none !important;\" class=\"honeypot\"><label for=\"honeypot-field\">Please Leave This Empty:<\/label><input type=\"text\" id=\"honeypot-field\" name=\"honeypot-field\" val=\"\"><\/div><p class=\"form-row field-set text-field-set first_name wwlc_registration_field form_field validate-required\" id=\"first_name_field\" data-priority=\"\"><label for=\"first_name\" class=\"required_field\">First Name&nbsp;<span class=\"required\" aria-hidden=\"true\">*<\/span><\/label><span class=\"woocommerce-input-wrapper\"><input type=\"text\" class=\"input-text wwlc_form_field\" name=\"first_name\" id=\"first_name\" placeholder=\"\"  value=\"\" data-required=\"yes\" aria-required=\"true\" \/><\/span><\/p><p class=\"form-row field-set text-field-set last_name wwlc_registration_field form_field validate-required\" id=\"last_name_field\" data-priority=\"\"><label for=\"last_name\" class=\"required_field\">Last Name&nbsp;<span class=\"required\" aria-hidden=\"true\">*<\/span><\/label><span class=\"woocommerce-input-wrapper\"><input type=\"text\" class=\"input-text wwlc_form_field\" name=\"last_name\" id=\"last_name\" placeholder=\"\"  value=\"\" data-required=\"yes\" aria-required=\"true\" \/><\/span><\/p><p class=\"form-row field-set phone-field-set wwlc_phone wwlc_registration_field form_field validate-required\" id=\"wwlc_phone_field\" data-priority=\"\"><label for=\"wwlc_phone\" class=\"required_field\">Phone&nbsp;<span class=\"required\" aria-hidden=\"true\">*<\/span><\/label><span class=\"woocommerce-input-wrapper\"><input type=\"tel\" class=\"input-text wwlc_form_field phone\" name=\"wwlc_phone\" id=\"wwlc_phone\" placeholder=\"\"  value=\"\" data-phonemask=\"No format\" data-required=\"yes\" aria-required=\"true\" \/><\/span><\/p><p class=\"form-row field-set email-field-set user_email wwlc_registration_field form_field validate-required\" id=\"user_email_field\" data-priority=\"\"><label for=\"user_email\" class=\"required_field\">E-mail&nbsp;<span class=\"required\" aria-hidden=\"true\">*<\/span><\/label><span class=\"woocommerce-input-wrapper\"><input type=\"email\" class=\"input-text wwlc_form_field\" name=\"user_email\" id=\"user_email\" placeholder=\"\"  value=\"\" data-required=\"yes\" aria-required=\"true\" \/><\/span><\/p><p class=\"form-row field-set text-field-set wwlc_username wwlc_registration_field form_field validate-required\" id=\"wwlc_username_field\" data-priority=\"\"><label for=\"wwlc_username\" class=\"required_field\">Username&nbsp;<span class=\"required\" aria-hidden=\"true\">*<\/span><\/label><span class=\"woocommerce-input-wrapper\"><input type=\"text\" class=\"input-text wwlc_form_field\" name=\"wwlc_username\" id=\"wwlc_username\" placeholder=\"\"  value=\"\" data-required=\"yes\" aria-required=\"true\" \/><\/span><\/p><p class=\"form-row field-set text-field-set wwlc_company_name wwlc_registration_field form_field validate-required\" id=\"wwlc_company_name_field\" data-priority=\"\"><label for=\"wwlc_company_name\" class=\"required_field\">Company Name&nbsp;<span class=\"required\" aria-hidden=\"true\">*<\/span><\/label><span class=\"woocommerce-input-wrapper\"><input type=\"text\" class=\"input-text wwlc_form_field\" name=\"wwlc_company_name\" id=\"wwlc_company_name\" placeholder=\"\"  value=\"\" data-required=\"yes\" aria-required=\"true\" \/><\/span><\/p><p class=\"form-row field-set select-field-set wwlc_country wwlc_registration_field form_field validate-required\" id=\"wwlc_country_field\" data-priority=\"\"><label for=\"wwlc_country\" class=\"required_field\">Country&nbsp;<span class=\"required\" aria-hidden=\"true\">*<\/span><\/label><span class=\"woocommerce-input-wrapper\"><select name=\"wwlc_country\" id=\"wwlc_country\" class=\"select wwlc_form_field\" data-required=\"yes\" aria-required=\"true\" data-placeholder=\"\">\n\t\t\t\t\t\t\t<option value=\"AF\" >Afghanistan<\/option><option value=\"AX\" >\u00c5land Islands<\/option><option value=\"AL\" >Albania<\/option><option value=\"DZ\" >Algeria<\/option><option value=\"AS\" >American Samoa<\/option><option value=\"AD\" >Andorra<\/option><option value=\"AO\" >Angola<\/option><option value=\"AI\" >Anguilla<\/option><option value=\"AQ\" >Antarctica<\/option><option value=\"AG\" >Antigua and Barbuda<\/option><option value=\"AR\" >Argentina<\/option><option value=\"AM\" >Armenia<\/option><option value=\"AW\" >Aruba<\/option><option value=\"AU\" >Australia<\/option><option value=\"AT\" >Austria<\/option><option value=\"AZ\" >Azerbaijan<\/option><option value=\"BS\" >Bahamas<\/option><option value=\"BH\" >Bahrain<\/option><option value=\"BD\" >Bangladesh<\/option><option value=\"BB\" >Barbados<\/option><option value=\"BY\" >Belarus<\/option><option value=\"PW\" >Belau<\/option><option value=\"BE\" >Belgium<\/option><option value=\"BZ\" >Belize<\/option><option value=\"BJ\" >Benign<\/option><option value=\"BM\" >Bermuda<\/option><option value=\"BT\" >Bhutan<\/option><option value=\"BO\" >Bolivia<\/option><option value=\"BQ\" >Bonaire, Saint Eustatius and Saba<\/option><option value=\"BA\" >Bosnia and Herzegovina<\/option><option value=\"BW\" >Botswana<\/option><option value=\"BV\" >Bouvet Island<\/option><option value=\"BR\" >Brazil<\/option><option value=\"IO\" >British Indian Ocean Territory<\/option><option value=\"BN\" >Brunei<\/option><option value=\"BG\" >Bulgaria<\/option><option value=\"BF\" >Burkina Faso<\/option><option value=\"BI\" >Burundi<\/option><option value=\"KH\" >Cambodia<\/option><option value=\"CM\" >Cameroon<\/option><option value=\"CA\" >Canada<\/option><option value=\"CV\" >Cape Verde<\/option><option value=\"KY\" >Cayman Islands<\/option><option value=\"CF\" >Central African Republic<\/option><option value=\"TD\" >Chad<\/option><option value=\"CL\" >Chile<\/option><option value=\"CN\" >China<\/option><option value=\"CX\" >Christmas Island<\/option><option value=\"CC\" >Cocos (Keeling) Islands<\/option><option value=\"CO\" >Colombia<\/option><option value=\"KM\" >Comoros<\/option><option value=\"CG\" >Congo (Brazzaville)<\/option><option value=\"CD\" >Congo (Kinshasa)<\/option><option value=\"CK\" >Cook Islands<\/option><option value=\"CR\" >Costa Rica<\/option><option value=\"HR\" >Croatia<\/option><option value=\"CU\" >Cuba<\/option><option value=\"CW\" >Curacao<\/option><option value=\"CY\" >Cyprus<\/option><option value=\"CZ\" >Czech Republic<\/option><option value=\"DK\" >Denmark<\/option><option value=\"DJ\" >Djibouti<\/option><option value=\"DM\" >Dominica<\/option><option value=\"DO\" >Dominican Republic<\/option><option value=\"EC\" >Ecuador<\/option><option value=\"EG\" >Egypt<\/option><option value=\"SV\" >El Salvador<\/option><option value=\"GQ\" >Equatorial Guinea<\/option><option value=\"ER\" >Eritrea<\/option><option value=\"EE\" >Estonia<\/option><option value=\"SZ\" >Eswatini<\/option><option value=\"ET\" >Ethiopia<\/option><option value=\"FK\" >Falkland Islands<\/option><option value=\"FO\" >Faroe Islands<\/option><option value=\"FJ\" >Fiji<\/option><option value=\"FI\" >Finland<\/option><option value=\"FR\" >France<\/option><option value=\"GF\" >French Guiana<\/option><option value=\"PF\" >French Polynesia<\/option><option value=\"TF\" >French Southern Territories<\/option><option value=\"GA\" >Gabon<\/option><option value=\"GM\" >Gambia<\/option><option value=\"GE\" >Georgia<\/option><option value=\"DE\" >Germany<\/option><option value=\"GH\" >Ghana<\/option><option value=\"GI\" >Gibraltar<\/option><option value=\"GR\" >Greece<\/option><option value=\"GL\" >Greenland<\/option><option value=\"GD\" >Grenada<\/option><option value=\"GP\" >Guadeloupe<\/option><option value=\"GU\" >Guam<\/option><option value=\"GT\" >Guatemala<\/option><option value=\"GG\" >Guernsey<\/option><option value=\"GN\" >Guinea<\/option><option value=\"GW\" >Guinea-Bissau<\/option><option value=\"GY\" >Guyana<\/option><option value=\"HT\" >Haiti<\/option><option value=\"HM\" >Heard Island and McDonald Islands<\/option><option value=\"HN\" >Honduras<\/option><option value=\"HK\" >Hong Kong<\/option><option value=\"HU\" >Hungary<\/option><option value=\"IS\" >Iceland<\/option><option value=\"IN\" >India<\/option><option value=\"ID\" >Indonesia<\/option><option value=\"IR\" >Iran<\/option><option value=\"IQ\" >Iraq<\/option><option value=\"IE\" >Ireland<\/option><option value=\"IM\" >Isle of Man<\/option><option value=\"IL\" >Israel<\/option><option value=\"IT\" >Italy<\/option><option value=\"CI\" >Ivory Coast<\/option><option value=\"JM\" >Jamaica<\/option><option value=\"JP\" >Japan<\/option><option value=\"JE\" >Jersey<\/option><option value=\"JO\" >Jordan<\/option><option value=\"KZ\" >Kazakhstan<\/option><option value=\"KE\" >Kenya<\/option><option value=\"KI\" >Kiribati<\/option><option value=\"XK\" >Kosovo<\/option><option value=\"KW\" >Kuwait<\/option><option value=\"KG\" >Kyrgyzstan<\/option><option value=\"LA\" >Laos<\/option><option value=\"LV\" >Latvia<\/option><option value=\"LB\" >Lebanon<\/option><option value=\"LS\" >Lesotho<\/option><option value=\"LR\" >Liberia<\/option><option value=\"LY\" >Libya<\/option><option value=\"LI\" >Liechtenstein<\/option><option value=\"LT\" >Lithuania<\/option><option value=\"LU\" >Luxembourg<\/option><option value=\"MO\" >Macau<\/option><option value=\"MG\" >Madagascar<\/option><option value=\"MW\" >Malawi<\/option><option value=\"MY\" >Malaysia<\/option><option value=\"MV\" >Maldives<\/option><option value=\"ML\" >Mali<\/option><option value=\"MT\" >Malta<\/option><option value=\"MH\" >Marshall Islands<\/option><option value=\"MQ\" >Martinique<\/option><option value=\"MR\" >Mauritania<\/option><option value=\"MU\" >Mauritius<\/option><option value=\"YT\" >Mayotte<\/option><option value=\"MX\" >Mexico<\/option><option value=\"FM\" >Micronesia<\/option><option value=\"MD\" >Moldova<\/option><option value=\"MC\" >Monaco<\/option><option value=\"MN\" >Mongolia<\/option><option value=\"ME\" >Montenegro<\/option><option value=\"MS\" >Montserrat<\/option><option value=\"MA\" >Morocco<\/option><option value=\"MZ\" >Mozambique<\/option><option value=\"MM\" >Myanmar<\/option><option value=\"NA\" >Namibia<\/option><option value=\"NR\" >Nauru<\/option><option value=\"NP\" >Nepal<\/option><option value=\"NL\" >Netherlands<\/option><option value=\"NC\" >New Caledonia<\/option><option value=\"NZ\" >New Zealand<\/option><option value=\"NI\" >Nicaragua<\/option><option value=\"NE\" >Niger<\/option><option value=\"NG\" >Nigeria<\/option><option value=\"NU\" >Niue<\/option><option value=\"NF\" >Norfolk Island<\/option><option value=\"KP\" >North Korea<\/option><option value=\"MK\" >North Macedonia<\/option><option value=\"MP\" >Northern Mariana Islands<\/option><option value=\"NO\" >Norway<\/option><option value=\"OM\" >Oman<\/option><option value=\"PK\" >Pakistan<\/option><option value=\"PS\" >Palestinian Territory<\/option><option value=\"PA\" >Panama<\/option><option value=\"PG\" >Papua New Guinea<\/option><option value=\"PY\" >Paraguay<\/option><option value=\"PE\" >Peru<\/option><option value=\"PH\" >Philippines<\/option><option value=\"PN\" >Pitcairn<\/option><option value=\"PL\" >Poland<\/option><option value=\"PT\" >Portugal<\/option><option value=\"PR\" >Puerto Rico<\/option><option value=\"QA\" >Qatar<\/option><option value=\"RE\" >Meeting<\/option><option value=\"RO\" >Romania<\/option><option value=\"RU\" >Russia<\/option><option value=\"RW\" >Rwanda<\/option><option value=\"ST\" >S\u00e3o Tom\u00e9 and Pr\u00edncipe<\/option><option value=\"BL\" >Saint Bartholomew<\/option><option value=\"SH\" >Saint Helena<\/option><option value=\"KN\" >Saint Kitts and Nevis<\/option><option value=\"LC\" >Saint Lucia<\/option><option value=\"SX\" >Saint Martin (Dutch part)<\/option><option value=\"MF\" >Saint Martin (French part)<\/option><option value=\"PM\" >Saint Pierre and Miquelon<\/option><option value=\"VC\" >Saint Vincent and the Grenadines<\/option><option value=\"WS\" >Samoa<\/option><option value=\"SM\" >San Marino<\/option><option value=\"SA\" >Saudi Arabia<\/option><option value=\"SN\" >Senegal<\/option><option value=\"RS\" >Serbia<\/option><option value=\"SC\" >Seychelles<\/option><option value=\"SL\" >Sierra Leone<\/option><option value=\"SG\" >Singapore<\/option><option value=\"SK\" >Slovakia<\/option><option value=\"SI\" >Slovenia<\/option><option value=\"SB\" >Solomon Islands<\/option><option value=\"SO\" >Somalia<\/option><option value=\"ZA\" >South Africa<\/option><option value=\"GS\" >South Georgia\/Sandwich Islands<\/option><option value=\"KR\" >South Korea<\/option><option value=\"SS\" >South Sudan<\/option><option value=\"ES\" >Spain<\/option><option value=\"LK\" >Sri Lanka<\/option><option value=\"SD\" >Sudan<\/option><option value=\"SR\" >Suriname<\/option><option value=\"SJ\" >Svalbard and Jan Mayen<\/option><option value=\"SE\" >Sweden<\/option><option value=\"CH\" >Switzerland<\/option><option value=\"SY\" >Syria<\/option><option value=\"TW\" >Taiwan<\/option><option value=\"TJ\" >Tajikistan<\/option><option value=\"TZ\" >Tanzania<\/option><option value=\"TH\" >Thailand<\/option><option value=\"TL\" >Timor-Leste<\/option><option value=\"TG\" >Togo<\/option><option value=\"TK\" >Tokelau<\/option><option value=\"TO\" >Tonga<\/option><option value=\"TT\" >Trinidad and Tobago<\/option><option value=\"TN\" >Tunisia<\/option><option value=\"TR\" >Turkey<\/option><option value=\"TM\" >Turkmenistan<\/option><option value=\"TC\" >Turks and Caicos Islands<\/option><option value=\"TV\" >Tuvalu<\/option><option value=\"UG\" >Uganda<\/option><option value=\"UA\" >Ukraine<\/option><option value=\"AE\" >United Arab Emirates<\/option><option value=\"GB\" >United Kingdom (UK)<\/option><option value=\"US\" >United States (US)<\/option><option value=\"UM\" >United States (US) Minor Outlying Islands<\/option><option value=\"UY\" >Uruguay<\/option><option value=\"UZ\" >Uzbekistan<\/option><option value=\"VU\" >Vanuatu<\/option><option value=\"VA\" >Vatican<\/option><option value=\"VE\" >Venezuela<\/option><option value=\"VN\" >Vietnam<\/option><option value=\"VG\" >Virgin Islands (British)<\/option><option value=\"VI\" >Virgin Islands (US)<\/option><option value=\"WF\" >Wallis and Futuna<\/option><option value=\"EH\" >Western Sahara<\/option><option value=\"YE\" >Yemen<\/option><option value=\"ZM\" >Zambia<\/option><option value=\"ZW\" >Zimbabwe<\/option>\n\t\t\t\t\t\t<\/select><\/span><\/p><p class=\"form-row field-set text-field-set wwlc_address wwlc_registration_field form_field validate-required\" id=\"wwlc_address_field\" data-priority=\"\"><label for=\"wwlc_address\" class=\"required_field\">Address 1&nbsp;<span class=\"required\" aria-hidden=\"true\">*<\/span><\/label><span class=\"woocommerce-input-wrapper\"><input type=\"text\" class=\"input-text wwlc_form_field\" name=\"wwlc_address\" id=\"wwlc_address\" placeholder=\"Street address\"  value=\"\" data-required=\"yes\" aria-required=\"true\" \/><\/span><\/p><p class=\"form-row field-set text-field-set wwlc_address_2 wwlc_registration_field form_field\" id=\"wwlc_address_2_field\" data-priority=\"\">&nbsp;(optional)<input type=\"text\" class=\"input-text wwlc_form_field\" name=\"wwlc_address_2\" id=\"wwlc_address_2\" placeholder=\"Apartment, suite, unit etc. (optional)\"  value=\"\"  \/><\/p><p class=\"form-row field-set text-field-set wwlc_city wwlc_registration_field form_field validate-required\" id=\"wwlc_city_field\" data-priority=\"\"><label for=\"wwlc_city\" class=\"required_field\">City&nbsp;<span class=\"required\" aria-hidden=\"true\">*<\/span><\/label><span class=\"woocommerce-input-wrapper\"><input type=\"text\" class=\"input-text wwlc_form_field\" name=\"wwlc_city\" id=\"wwlc_city\" placeholder=\"Town \/ City\"  value=\"\" data-required=\"yes\" aria-required=\"true\" \/><\/span><\/p><p class=\"form-row field-set text-field-set wwlc_state wwlc_registration_field form_field validate-required\" id=\"wwlc_state_field\" data-priority=\"\"><label for=\"wwlc_state\" class=\"required_field\">State&nbsp;<span class=\"required\" aria-hidden=\"true\">*<\/span><\/label><span class=\"woocommerce-input-wrapper\"><input type=\"text\" class=\"input-text wwlc_form_field\" name=\"wwlc_state\" id=\"wwlc_state\" placeholder=\"State \/ County\"  value=\"\" data-required=\"yes\" aria-required=\"true\" \/><\/span><\/p><p class=\"form-row field-set text-field-set wwlc_postcode wwlc_registration_field form_field validate-required\" id=\"wwlc_postcode_field\" data-priority=\"\"><label for=\"wwlc_postcode\" class=\"required_field\">Postcode&nbsp;<span class=\"required\" aria-hidden=\"true\">*<\/span><\/label><span class=\"woocommerce-input-wrapper\"><input type=\"text\" class=\"input-text wwlc_form_field\" name=\"wwlc_postcode\" id=\"wwlc_postcode\" placeholder=\"Postcode \/ Zip\"  value=\"\" data-required=\"yes\" aria-required=\"true\" \/><\/span><\/p><p class=\"form-row field-set wwlc_password-field-set wwlc_password wwlc_registration_field form_field\" id=\"wwlc_password\" data-sort=\"\"><label for=\"wwlc_password\" class=\"\">Password<\/label><input type=\"password\" class=\"input-text wwlc_form_field\" name=\"wwlc_password\" id=\"wwlc_password\" placeholder=\"\"  value=\"\"  \/><span id=\"wwlc-password-strength\" class=\"wwlc-password-strength\"><\/span><\/p>\t<div class=\"field-set form-controls-section\">\n\t\t<p class=\"terms-and-condition-container\">By clicking register, you agree to the <a href=\"https:\/\/homesecureprotect.com\/en\/terms-and-conditions\/\" target=\"_blank\">Terms & Conditions<\/a><\/p><p class=\"register-button-container\"><input type=\"submit\" name=\"submit\" class=\"form-control button button-primary\" id=\"wwlc-register\" value=\"Register\" ><span class=\"wwlc-loader\"><\/span><\/p><a class=\"form-control\" id=\"log-in\" href=\"https:\/\/homesecureprotect.com\/en\/wholesale-log-in-page\/\" >Log In<\/a> <a class=\"form-control\" id=\"lost-password\" href=\"https:\/\/homesecureprotect.com\/en\/my-account\/lost-password\/\" >Lost Password<\/a>\t<\/div>\n\n\t<input type=\"hidden\" name=\"trp-form-language\" value=\"en\"\/><\/form>\n<\/div><!--#wwlc-registration-form-->\n<\/div>\n\t\t\t\t\t\t<\/div>\n\t\t\t\t<\/div>\n\t\t\t\t\t<\/div>\n\t\t\t\t<\/div>\n\t\t\t\t<\/div>","protected":false},"excerpt":{"rendered":"","protected":false},"author":1,"featured_media":0,"parent":0,"menu_order":0,"comment_status":"closed","ping_status":"closed","template":"","meta":{"_mbp_gutenberg_autopost":false,"footnotes":""},"class_list":["post-737","page","type-page","status-publish","hentry"],"_links":{"self":[{"href":"https:\/\/homesecureprotect.com\/en\/wp-json\/wp\/v2\/pages\/737","targetHints":{"allow":["GET"]}}],"collection":[{"href":"https:\/\/homesecureprotect.com\/en\/wp-json\/wp\/v2\/pages"}],"about":[{"href":"https:\/\/homesecureprotect.com\/en\/wp-json\/wp\/v2\/types\/page"}],"author":[{"embeddable":true,"href":"https:\/\/homesecureprotect.com\/en\/wp-json\/wp\/v2\/users\/1"}],"replies":[{"embeddable":true,"href":"https:\/\/homesecureprotect.com\/en\/wp-json\/wp\/v2\/comments?post=737"}],"version-history":[{"count":3,"href":"https:\/\/homesecureprotect.com\/en\/wp-json\/wp\/v2\/pages\/737\/revisions"}],"predecessor-version":[{"id":2586,"href":"https:\/\/homesecureprotect.com\/en\/wp-json\/wp\/v2\/pages\/737\/revisions\/2586"}],"wp:attachment":[{"href":"https:\/\/homesecureprotect.com\/en\/wp-json\/wp\/v2\/media?parent=737"}],"curies":[{"name":"wp","href":"https:\/\/api.w.org\/{rel}","templated":true}]}}