{"id":660,"date":"2025-06-27T14:24:16","date_gmt":"2025-06-27T12:24:16","guid":{"rendered":"https:\/\/homesecureprotect.com\/?page_id=660"},"modified":"2025-12-21T19:27:13","modified_gmt":"2025-12-21T17:27:13","slug":"devenez-partenaire-installateur-homesecureprotect","status":"publish","type":"page","link":"https:\/\/homesecureprotect.com\/en\/devenez-partenaire-installateur-homesecureprotect\/","title":{"rendered":"Devenez Partenaire Installateur HomeSecureProtect"},"content":{"rendered":"<div data-elementor-type=\"wp-page\" data-elementor-id=\"660\" class=\"elementor elementor-660\">\n\t\t\t\t<div data-particle_enable=\"false\" data-particle-mobile-disabled=\"false\" class=\"elementor-element elementor-element-4612c69 e-flex e-con-boxed e-con e-parent\" data-id=\"4612c69\" data-element_type=\"container\" data-settings=\"{&quot;ekit_has_onepagescroll_dot&quot;:&quot;yes&quot;}\">\n\t\t\t\t\t<div class=\"e-con-inner\">\n\t\t<div data-particle_enable=\"false\" data-particle-mobile-disabled=\"false\" class=\"elementor-element elementor-element-40c879c e-con-full e-flex e-con e-child\" data-id=\"40c879c\" data-element_type=\"container\" data-settings=\"{&quot;ekit_has_onepagescroll_dot&quot;:&quot;yes&quot;}\">\n\t\t\t\t<div class=\"elementor-element elementor-element-0c8be53 elementor-widget elementor-widget-image\" data-id=\"0c8be53\" data-element_type=\"widget\" data-settings=\"{&quot;ekit_we_effect_on&quot;:&quot;none&quot;}\" data-widget_type=\"image.default\">\n\t\t\t\t<div class=\"elementor-widget-container\">\n\t\t\t\t\t\t\t\t\t\t\t\t\t\t\t<img fetchpriority=\"high\" decoding=\"async\" width=\"1024\" height=\"948\" src=\"https:\/\/homesecureprotect.com\/wp-content\/uploads\/2025\/07\/revendeur.png\" class=\"attachment-large size-large wp-image-1772\" alt=\"\" srcset=\"https:\/\/homesecureprotect.com\/wp-content\/uploads\/2025\/07\/revendeur.png 1024w, https:\/\/homesecureprotect.com\/wp-content\/uploads\/2025\/07\/revendeur-500x463.png 500w, https:\/\/homesecureprotect.com\/wp-content\/uploads\/2025\/07\/revendeur-300x278.png 300w, https:\/\/homesecureprotect.com\/wp-content\/uploads\/2025\/07\/revendeur-768x711.png 768w, https:\/\/homesecureprotect.com\/wp-content\/uploads\/2025\/07\/revendeur-81x75.png 81w, https:\/\/homesecureprotect.com\/wp-content\/uploads\/2025\/07\/revendeur-480x444.png 480w, https:\/\/homesecureprotect.com\/wp-content\/uploads\/2025\/07\/revendeur-800x741.png 800w\" sizes=\"(max-width:767px) 480px, (max-width:1024px) 100vw, 1024px\" \/>\t\t\t\t\t\t\t\t\t\t\t\t\t\t\t<\/div>\n\t\t\t\t<\/div>\n\t\t\t\t<\/div>\n\t\t<div data-particle_enable=\"false\" data-particle-mobile-disabled=\"false\" class=\"elementor-element elementor-element-6eb20cd e-con-full e-flex e-con e-child\" data-id=\"6eb20cd\" data-element_type=\"container\" data-settings=\"{&quot;ekit_has_onepagescroll_dot&quot;:&quot;yes&quot;}\">\n\t\t\t\t<div class=\"elementor-element elementor-element-3104753 elementor-widget elementor-widget-text-editor\" data-id=\"3104753\" data-element_type=\"widget\" data-settings=\"{&quot;ekit_we_effect_on&quot;:&quot;none&quot;}\" data-widget_type=\"text-editor.default\">\n\t\t\t\t<div class=\"elementor-widget-container\">\n\t\t\t\t\t\t\t\t\t<p>\ud83d\udd10 Rejoignez le r\u00e9seau d&#8217;experts en s\u00e9curit\u00e9 r\u00e9sidentielle intelligente<\/p><h4 data-start=\"328\" data-end=\"368\">\u2705 <strong data-start=\"335\" data-end=\"368\">Pourquoi devenir partenaire ?<\/strong><\/h4><p data-start=\"370\" data-end=\"419\">En tant qu\u2019installateur agr\u00e9\u00e9 HomeSecureProtect :<\/p><ul data-start=\"421\" data-end=\"785\"><li data-start=\"421\" data-end=\"490\"><p data-start=\"423\" data-end=\"490\">\ud83d\udcbc <strong data-start=\"426\" data-end=\"460\">G\u00e9n\u00e9rez des revenus r\u00e9currents<\/strong> avec nos solutions connect\u00e9es<\/p><\/li><li data-start=\"491\" data-end=\"593\"><p data-start=\"493\" data-end=\"593\">\ud83d\udce6 <strong data-start=\"496\" data-end=\"540\">Acc\u00e8s exclusif \u00e0 nos \u00e9quipements premium<\/strong> : cam\u00e9ras, serrures vid\u00e9o, interphones intelligents\u2026<\/p><\/li><li data-start=\"594\" data-end=\"651\"><p data-start=\"596\" data-end=\"651\">\ud83e\udd1d <strong data-start=\"599\" data-end=\"651\">Support technique d\u00e9di\u00e9 + assistance commerciale<\/strong><\/p><\/li><li data-start=\"652\" data-end=\"718\"><p data-start=\"654\" data-end=\"718\">\ud83d\udccd <strong data-start=\"657\" data-end=\"718\">R\u00e9f\u00e9rencement sur notre carte des installateurs officiels<\/strong><\/p><\/li><li data-start=\"719\" data-end=\"785\"><p data-start=\"721\" data-end=\"785\">\ud83e\uddfe <strong data-start=\"724\" data-end=\"785\">Interface pro pour g\u00e9rer vos clients et vos interventions<\/strong><\/p><\/li><\/ul><hr data-start=\"787\" data-end=\"790\" \/><h4 data-start=\"792\" data-end=\"833\">\ud83d\ude80 <strong data-start=\"800\" data-end=\"833\">Un processus simple et rapide<\/strong><\/h4><ol data-start=\"835\" data-end=\"1063\"><li data-start=\"835\" data-end=\"881\"><p data-start=\"838\" data-end=\"881\"><strong data-start=\"838\" data-end=\"881\">Remplissez le formulaire de candidature<\/strong><\/p><\/li><li data-start=\"882\" data-end=\"930\"><p data-start=\"885\" data-end=\"930\"><strong data-start=\"885\" data-end=\"930\">Validez vos comp\u00e9tences avec notre \u00e9quipe<\/strong><\/p><\/li><li data-start=\"931\" data-end=\"994\"><p data-start=\"934\" data-end=\"994\"><strong data-start=\"934\" data-end=\"994\">Recevez une formation rapide (en ligne ou en pr\u00e9sentiel)<\/strong><\/p><\/li><li data-start=\"995\" data-end=\"1063\"><p data-start=\"998\" data-end=\"1063\"><strong data-start=\"998\" data-end=\"1063\">Acc\u00e9dez \u00e0 votre espace installateur et commencez \u00e0 intervenir<\/strong><\/p><\/li><\/ol><hr data-start=\"1065\" data-end=\"1068\" \/><h4 data-start=\"1070\" data-end=\"1097\">\ud83e\uddd1\u200d\ud83d\udd27 <strong data-start=\"1081\" data-end=\"1097\">Profil id\u00e9al<\/strong><\/h4><ul data-start=\"1099\" data-end=\"1246\"><li data-start=\"1099\" data-end=\"1173\"><p data-start=\"1101\" data-end=\"1173\">Professionnel du b\u00e2timent, \u00e9lectricien, installateur alarme, domoticien\u2026<\/p><\/li><li data-start=\"1174\" data-end=\"1208\"><p data-start=\"1176\" data-end=\"1208\">Enregistr\u00e9 (SIRET ou \u00e9quivalent)<\/p><\/li><li data-start=\"1209\" data-end=\"1246\"><p data-start=\"1211\" data-end=\"1246\">S\u00e9rieux, ponctuel et orient\u00e9 client<\/p><\/li><\/ul>\t\t\t\t\t\t\t\t<\/div>\n\t\t\t\t<\/div>\n\t\t\t\t<div class=\"elementor-element elementor-element-613c46a elementor-widget elementor-widget-button\" data-id=\"613c46a\" data-element_type=\"widget\" data-settings=\"{&quot;ekit_we_effect_on&quot;:&quot;none&quot;}\" data-widget_type=\"button.default\">\n\t\t\t\t<div class=\"elementor-widget-container\">\n\t\t\t\t\t\t\t\t\t<div class=\"elementor-button-wrapper\">\n\t\t\t\t\t<a class=\"elementor-button elementor-button-link elementor-size-sm\" href=\"https:\/\/homesecureprotect.com\/en\/wholesale-registration-page\/\">\n\t\t\t\t\t\t<span class=\"elementor-button-content-wrapper\">\n\t\t\t\t\t\t\t\t\t<span class=\"elementor-button-text\">Registration<\/span>\n\t\t\t\t\t<\/span>\n\t\t\t\t\t<\/a>\n\t\t\t\t<\/div>\n\t\t\t\t\t\t\t\t<\/div>\n\t\t\t\t<\/div>\n\t\t\t\t<\/div>\n\t\t\t\t\t<\/div>\n\t\t\t\t<\/div>\n\t\t<div data-particle_enable=\"false\" data-particle-mobile-disabled=\"false\" class=\"elementor-element elementor-element-49ab20f e-flex e-con-boxed e-con e-parent\" data-id=\"49ab20f\" data-element_type=\"container\" data-settings=\"{&quot;ekit_has_onepagescroll_dot&quot;:&quot;yes&quot;}\">\n\t\t\t\t\t<div class=\"e-con-inner\">\n\t\t\t\t\t<\/div>\n\t\t\t\t<\/div>\n\t\t\t\t<\/div>","protected":false},"excerpt":{"rendered":"<p>\ud83d\udd10 Rejoignez le r\u00e9seau d&#8217;experts en s\u00e9curit\u00e9 r\u00e9sidentielle intelligente \u2705 Pourquoi devenir partenaire ? En tant qu\u2019installateur agr\u00e9\u00e9 HomeSecureProtect : \ud83d\udcbc G\u00e9n\u00e9rez des revenus r\u00e9currents avec<span class=\"excerpt-hellip\"> [\u2026]<\/span><\/p>","protected":false},"author":1,"featured_media":0,"parent":0,"menu_order":0,"comment_status":"closed","ping_status":"closed","template":"","meta":{"_mbp_gutenberg_autopost":false,"footnotes":""},"class_list":["post-660","page","type-page","status-publish","hentry"],"_links":{"self":[{"href":"https:\/\/homesecureprotect.com\/en\/wp-json\/wp\/v2\/pages\/660","targetHints":{"allow":["GET"]}}],"collection":[{"href":"https:\/\/homesecureprotect.com\/en\/wp-json\/wp\/v2\/pages"}],"about":[{"href":"https:\/\/homesecureprotect.com\/en\/wp-json\/wp\/v2\/types\/page"}],"author":[{"embeddable":true,"href":"https:\/\/homesecureprotect.com\/en\/wp-json\/wp\/v2\/users\/1"}],"replies":[{"embeddable":true,"href":"https:\/\/homesecureprotect.com\/en\/wp-json\/wp\/v2\/comments?post=660"}],"version-history":[{"count":13,"href":"https:\/\/homesecureprotect.com\/en\/wp-json\/wp\/v2\/pages\/660\/revisions"}],"predecessor-version":[{"id":2834,"href":"https:\/\/homesecureprotect.com\/en\/wp-json\/wp\/v2\/pages\/660\/revisions\/2834"}],"wp:attachment":[{"href":"https:\/\/homesecureprotect.com\/en\/wp-json\/wp\/v2\/media?parent=660"}],"curies":[{"name":"wp","href":"https:\/\/api.w.org\/{rel}","templated":true}]}}