{"id":581,"date":"2025-07-19T14:18:30","date_gmt":"2025-07-19T12:18:30","guid":{"rendered":"https:\/\/homesecureprotect.com\/?post_type=product&#038;p=581"},"modified":"2025-12-21T18:41:05","modified_gmt":"2025-12-21T16:41:05","slug":"serrure-biometrique-hsp-d1","status":"publish","type":"product","link":"https:\/\/homesecureprotect.com\/de\/product\/serrure-biometrique-hsp-d1\/","title":{"rendered":"Schloss HSP-D1"},"content":{"rendered":"<p data-start=\"74\" data-end=\"413\"><strong data-start=\"77\" data-end=\"138\">Ouvrez votre porte du bout du doigt avec 3D Face<\/strong><br data-start=\"138\" data-end=\"141\" \/>Remplacez les cl\u00e9s traditionnelles par la technologie. Cette serrure intelligente s\u2019ouvre gr\u00e2ce \u00e0 votre empreinte digitale, un code ou votre smartphone. S\u00e9curis\u00e9e, \u00e9l\u00e9gante et facile \u00e0 installer, elle est id\u00e9ale pour les maisons, appartements, bureaux ou locations Airbnb.<\/p>\n<p data-start=\"415\" data-end=\"684\">\u2705 D\u00e9verrouillage par empreinte, code, carte, 3D Face ou application mobile<br data-start=\"480\" data-end=\"483\" \/>\u2705 Jusqu\u2019\u00e0 100 empreintes enregistrables<br data-start=\"522\" data-end=\"525\" \/>\u2705 Cam\u00e9ra HD int\u00e9gr\u00e9e (selon mod\u00e8le) pour visualiser les visiteurs<br data-start=\"590\" data-end=\"593\" \/>\u2705 Alerte en cas de tentative d\u2019effraction<br data-start=\"634\" data-end=\"637\" \/>\u2705 Installation simple sur la plupart des portes<\/p>\n<p data-start=\"686\" data-end=\"760\" data-is-last-node=\"\" data-is-only-node=\"\"><strong data-start=\"686\" data-end=\"725\">Modernisez l\u2019acc\u00e8s \u00e0 votre domicile<\/strong> tout en renfor\u00e7ant votre s\u00e9curit\u00e9.<\/p>","protected":false},"excerpt":{"rendered":"<p><strong data-start=\"77\" data-end=\"138\">Ouvrez votre porte du bout du doigt avec 3D Face<\/strong><br data-start=\"138\" data-end=\"141\" \/>Remplacez les cl\u00e9s traditionnelles par la technologie. Cette serrure intelligente s\u2019ouvre gr\u00e2ce \u00e0 votre empreinte digitale, un code ou votre smartphone. S\u00e9curis\u00e9e, \u00e9l\u00e9gante et facile \u00e0 installer, elle est id\u00e9ale pour les maisons, appartements, bureaux ou locations Airbnb.<\/p>","protected":false},"featured_media":1586,"template":"","meta":{"_mbp_gutenberg_autopost":false},"product_brand":[131],"product_cat":[23],"product_tag":[30,35,34],"class_list":{"0":"post-581","1":"product","2":"type-product","3":"status-publish","4":"has-post-thumbnail","6":"product_brand-home-secure-protect","7":"product_cat-serrure-biometrique","8":"product_tag-biometrique","9":"product_tag-serrure","10":"product_tag-serrure-biometrique","12":"first","13":"instock","14":"featured","15":"shipping-taxable","16":"purchasable","17":"product-type-simple"},"bundled_by":[],"bundle_stock_status":"instock","bundle_stock_quantity":null,"bundle_virtual":false,"bundle_layout":"","bundle_add_to_cart_form_location":"","bundle_editable_in_cart":false,"bundle_sold_individually_context":"","bundle_item_grouping":"","bundle_min_size":"","bundle_max_size":"","bundle_price":[],"bundled_items":[],"bundle_sell_ids":[],"exclude_global_add_ons":false,"addons":[{"name":"Installation \u00e0 domicile","type":"checkbox","position":0,"required":true,"title_format":"label","default":"","description_enable":true,"description":"Profitez d\u2019une installation rapide et professionnelle directement chez vous. Nos techniciens qualifi\u00e9s se d\u00e9placent du lundi au samedi. L\u2019intervention est r\u00e9alis\u00e9e en moins de 2 heures.","placeholder_enable":false,"placeholder":"","display":"select","restrictions_type":"any_text","adjust_price":false,"price":"","price_type":"flat_fee","restrictions":false,"min":"0","max":"0","options":[{"label":"Oui","price":"","price_type":"flat_fee","image":0,"visibility":true},{"label":"Non","price":"","price_type":"flat_fee","image":0,"visibility":true}],"id":1750755807}],"_links":{"self":[{"href":"https:\/\/homesecureprotect.com\/de\/wp-json\/wp\/v2\/product\/581","targetHints":{"allow":["GET"]}}],"collection":[{"href":"https:\/\/homesecureprotect.com\/de\/wp-json\/wp\/v2\/product"}],"about":[{"href":"https:\/\/homesecureprotect.com\/de\/wp-json\/wp\/v2\/types\/product"}],"version-history":[{"count":4,"href":"https:\/\/homesecureprotect.com\/de\/wp-json\/wp\/v2\/product\/581\/revisions"}],"predecessor-version":[{"id":587,"href":"https:\/\/homesecureprotect.com\/de\/wp-json\/wp\/v2\/product\/581\/revisions\/587"}],"wp:featuredmedia":[{"embeddable":true,"href":"https:\/\/homesecureprotect.com\/de\/wp-json\/wp\/v2\/media\/1586"}],"wp:attachment":[{"href":"https:\/\/homesecureprotect.com\/de\/wp-json\/wp\/v2\/media?parent=581"}],"wp:term":[{"taxonomy":"product_brand","embeddable":true,"href":"https:\/\/homesecureprotect.com\/de\/wp-json\/wp\/v2\/product_brand?post=581"},{"taxonomy":"product_cat","embeddable":true,"href":"https:\/\/homesecureprotect.com\/de\/wp-json\/wp\/v2\/product_cat?post=581"},{"taxonomy":"product_tag","embeddable":true,"href":"https:\/\/homesecureprotect.com\/de\/wp-json\/wp\/v2\/product_tag?post=581"}],"curies":[{"name":"wp","href":"https:\/\/api.w.org\/{rel}","templated":true}]}}