{"id":464,"date":"2025-06-23T22:10:56","date_gmt":"2025-06-23T22:10:56","guid":{"rendered":"https:\/\/homesecureprotect.com\/?post_type=product&#038;p=464"},"modified":"2025-12-21T19:10:35","modified_gmt":"2025-12-21T17:10:35","slug":"camera-wifi-exterieure-solaire","status":"publish","type":"product","link":"https:\/\/homesecureprotect.com\/de\/product\/camera-wifi-exterieure-solaire\/","title":{"rendered":"HSP-CWS1 Solar-WLAN-Kamera"},"content":{"rendered":"<blockquote>\n<p data-start=\"92\" data-end=\"411\"><strong data-start=\"95\" data-end=\"169\">Autonome und vernetzte Sicherheit rund um die Uhr<\/strong><br data-start=\"169\" data-end=\"172\" \/>Sch\u00fctzen Sie Ihr Zuhause, Ihren Garten oder Ihr Unternehmen ohne den \u00c4rger mit Kabeln oder Strom.<br data-start=\"256\" data-end=\"259\" \/>Dank des integrierten Solarpanels arbeitet diese Kamera autonom und bietet Ihnen gleichzeitig eine Live-\u00dcberwachung von Ihrem Smartphone aus.<\/p>\n<\/blockquote>\n<p data-start=\"413\" data-end=\"736\">\u2705 <strong data-start=\"415\" data-end=\"483\">Infrarot-Nachtsicht &amp; intelligente Bewegungserkennung &amp; <b class=\"magic-8\" data-spm-anchor-id=\"a2700.details-description.0.i0.4b6fsnMKsnMKpq\">Automatisches Tracking<\/b><\/strong><br data-start=\"483\" data-end=\"486\" \/>\u2705 <strong data-start=\"488\" data-end=\"550\">Stabile WLAN-Verbindung f\u00fcr Echtzeitanzeige<\/strong><br data-start=\"550\" data-end=\"553\" \/>\u2705 <strong data-start=\"555\" data-end=\"612\">Solarbetrieben + eingebauter Akku<\/strong><br data-start=\"612\" data-end=\"615\" \/>\u2705 <strong data-start=\"617\" data-end=\"654\">Wetterfest (IP66)<\/strong><br data-start=\"654\" data-end=\"657\" \/>\u2705 <strong data-start=\"659\" data-end=\"736\">Sofortige Benachrichtigungen auf Ihrem Telefon, wenn eine Aktivit\u00e4t erkannt wird<\/strong><\/p>\n<p data-start=\"738\" data-end=\"866\" data-is-last-node=\"\" data-is-only-node=\"\"><strong data-start=\"738\" data-end=\"789\">Einfach zu installieren, 100% kabellos und wirtschaftlich<\/strong>, diese Kamera ist die ideale L\u00f6sung f\u00fcr zuverl\u00e4ssige und \u00f6kologische Sicherheit.<\/p>","protected":false},"excerpt":{"rendered":"<p><strong data-start=\"95\" data-end=\"169\">Autonome und vernetzte Sicherheit rund um die Uhr<\/strong><br data-start=\"169\" data-end=\"172\" \/>Sch\u00fctzen Sie Ihr Zuhause, Ihren Garten oder Ihr Unternehmen ohne den \u00c4rger mit Kabeln oder Strom.<br data-start=\"256\" data-end=\"259\" \/>Dank des integrierten Solarpanels arbeitet diese Kamera autonom und bietet Ihnen gleichzeitig eine Live-\u00dcberwachung von Ihrem Smartphone aus.<\/p>","protected":false},"featured_media":2702,"template":"","meta":{"_mbp_gutenberg_autopost":false},"product_brand":[131],"product_cat":[25],"product_tag":[32,31,33],"class_list":{"0":"post-464","1":"product","2":"type-product","3":"status-publish","4":"has-post-thumbnail","6":"product_brand-home-secure-protect","7":"product_cat-camera-de-surveillance","8":"product_tag-camera-wifi","9":"product_tag-camera-wifi-exterieure-solaire","10":"product_tag-solaire","12":"first","13":"instock","14":"featured","15":"shipping-taxable","16":"purchasable","17":"product-type-simple"},"bundled_by":[],"bundle_stock_status":"instock","bundle_stock_quantity":null,"bundle_virtual":false,"bundle_layout":"","bundle_add_to_cart_form_location":"","bundle_editable_in_cart":false,"bundle_sold_individually_context":"","bundle_item_grouping":"","bundle_min_size":"","bundle_max_size":"","bundle_price":[],"bundled_items":[],"bundle_sell_ids":[],"exclude_global_add_ons":[],"addons":[],"_links":{"self":[{"href":"https:\/\/homesecureprotect.com\/de\/wp-json\/wp\/v2\/product\/464","targetHints":{"allow":["GET"]}}],"collection":[{"href":"https:\/\/homesecureprotect.com\/de\/wp-json\/wp\/v2\/product"}],"about":[{"href":"https:\/\/homesecureprotect.com\/de\/wp-json\/wp\/v2\/types\/product"}],"version-history":[{"count":6,"href":"https:\/\/homesecureprotect.com\/de\/wp-json\/wp\/v2\/product\/464\/revisions"}],"predecessor-version":[{"id":2465,"href":"https:\/\/homesecureprotect.com\/de\/wp-json\/wp\/v2\/product\/464\/revisions\/2465"}],"wp:featuredmedia":[{"embeddable":true,"href":"https:\/\/homesecureprotect.com\/de\/wp-json\/wp\/v2\/media\/2702"}],"wp:attachment":[{"href":"https:\/\/homesecureprotect.com\/de\/wp-json\/wp\/v2\/media?parent=464"}],"wp:term":[{"taxonomy":"product_brand","embeddable":true,"href":"https:\/\/homesecureprotect.com\/de\/wp-json\/wp\/v2\/product_brand?post=464"},{"taxonomy":"product_cat","embeddable":true,"href":"https:\/\/homesecureprotect.com\/de\/wp-json\/wp\/v2\/product_cat?post=464"},{"taxonomy":"product_tag","embeddable":true,"href":"https:\/\/homesecureprotect.com\/de\/wp-json\/wp\/v2\/product_tag?post=464"}],"curies":[{"name":"wp","href":"https:\/\/api.w.org\/{rel}","templated":true}]}}